{"id":34026,"date":"2025-11-12T03:02:35","date_gmt":"2025-11-12T01:02:35","guid":{"rendered":"https:\/\/www.nordi.ee\/toode\/tugitool-rezzar-varv-merevaesinine\/"},"modified":"2026-04-13T05:18:14","modified_gmt":"2026-04-13T02:18:14","slug":"tugitool-rezzar-varv-merevaesinine","status":"publish","type":"product","link":"https:\/\/www.nordi.ee\/en\/toode\/tugitool-rezzar-varv-merevaesinine\/","title":{"rendered":"Tugitool REZZAR, v\u00e4rv: merev\u00e4esinine"},"content":{"rendered":"<p>m\u00f5\u00f5tmed: 80\/73\/84\/41 cm, materjal: kangas \/ kummipuit, v\u00e4rvid: polsterdus &#8211; tumesinine, jalad &#8211; tume p\u00e4hkel \/ kuldne<\/p>\n","protected":false},"excerpt":{"rendered":"<p>m\u00f5\u00f5tmed: 80\/73\/84\/41 cm, materjal: kangas \/ kummipuit, v\u00e4rvid: polsterdus &#8211; tumesinine, jalad &#8211; tume p\u00e4hkel \/ kuldne<\/p>\n","protected":false},"featured_media":16658,"comment_status":"closed","ping_status":"open","template":"","meta":{"_gspb_post_css":""},"product_brand":[],"product_cat":[215],"product_tag":[],"class_list":{"0":"post-34026","1":"product","2":"type-product","3":"status-publish","4":"has-post-thumbnail","6":"product_cat-pehme-moobel","7":"pa_vahelaos-ei","9":"first","10":"instock","11":"sale","12":"purchasable","13":"product-type-simple"},"_links":{"self":[{"href":"https:\/\/www.nordi.ee\/en\/wp-json\/wp\/v2\/product\/34026","targetHints":{"allow":["GET"]}}],"collection":[{"href":"https:\/\/www.nordi.ee\/en\/wp-json\/wp\/v2\/product"}],"about":[{"href":"https:\/\/www.nordi.ee\/en\/wp-json\/wp\/v2\/types\/product"}],"replies":[{"embeddable":true,"href":"https:\/\/www.nordi.ee\/en\/wp-json\/wp\/v2\/comments?post=34026"}],"wp:featuredmedia":[{"embeddable":true,"href":"https:\/\/www.nordi.ee\/en\/wp-json\/wp\/v2\/media\/16658"}],"wp:attachment":[{"href":"https:\/\/www.nordi.ee\/en\/wp-json\/wp\/v2\/media?parent=34026"}],"wp:term":[{"taxonomy":"product_brand","embeddable":true,"href":"https:\/\/www.nordi.ee\/en\/wp-json\/wp\/v2\/product_brand?post=34026"},{"taxonomy":"product_cat","embeddable":true,"href":"https:\/\/www.nordi.ee\/en\/wp-json\/wp\/v2\/product_cat?post=34026"},{"taxonomy":"product_tag","embeddable":true,"href":"https:\/\/www.nordi.ee\/en\/wp-json\/wp\/v2\/product_tag?post=34026"}],"curies":[{"name":"wp","href":"https:\/\/api.w.org\/{rel}","templated":true}]}}