{"id":34015,"date":"2025-11-12T03:02:35","date_gmt":"2025-11-12T01:02:35","guid":{"rendered":"https:\/\/www.nordi.ee\/toode\/soogilaud-remnor-valgest-marmorist-jalg-hall\/"},"modified":"2026-04-13T05:18:13","modified_gmt":"2026-04-13T02:18:13","slug":"soogilaud-remnor-valgest-marmorist","status":"publish","type":"product","link":"https:\/\/www.nordi.ee\/en\/toode\/soogilaud-remnor-valgest-marmorist\/","title":{"rendered":"S\u00f6\u00f6gilaud REMNOR, valgest marmorist"},"content":{"rendered":"<p>m\u00f5\u00f5tmed: fi120\/77 cm, materjal: laminaat MDF \/ kroomteras \/ \u00f6kokoerus, v\u00e4rv: peal &#8211; valge marmor, jalad &#8211; hall<\/p>\n","protected":false},"excerpt":{"rendered":"<p>m\u00f5\u00f5tmed: fi120\/77 cm, materjal: laminaat MDF \/ kroomteras \/ \u00f6kokoerus, v\u00e4rv: peal &#8211; valge marmor, jalad &#8211; hall<\/p>\n","protected":false},"featured_media":16650,"comment_status":"closed","ping_status":"closed","template":"","meta":{"_gspb_post_css":""},"product_brand":[],"product_cat":[190,167],"product_tag":[],"class_list":{"0":"post-34015","1":"product","2":"type-product","3":"status-publish","4":"has-post-thumbnail","6":"product_cat-soogilauad","7":"product_cat-soogituba","8":"pa_vahelaos-ei","10":"first","11":"instock","12":"sale","13":"purchasable","14":"product-type-simple"},"_links":{"self":[{"href":"https:\/\/www.nordi.ee\/en\/wp-json\/wp\/v2\/product\/34015","targetHints":{"allow":["GET"]}}],"collection":[{"href":"https:\/\/www.nordi.ee\/en\/wp-json\/wp\/v2\/product"}],"about":[{"href":"https:\/\/www.nordi.ee\/en\/wp-json\/wp\/v2\/types\/product"}],"replies":[{"embeddable":true,"href":"https:\/\/www.nordi.ee\/en\/wp-json\/wp\/v2\/comments?post=34015"}],"wp:featuredmedia":[{"embeddable":true,"href":"https:\/\/www.nordi.ee\/en\/wp-json\/wp\/v2\/media\/16650"}],"wp:attachment":[{"href":"https:\/\/www.nordi.ee\/en\/wp-json\/wp\/v2\/media?parent=34015"}],"wp:term":[{"taxonomy":"product_brand","embeddable":true,"href":"https:\/\/www.nordi.ee\/en\/wp-json\/wp\/v2\/product_brand?post=34015"},{"taxonomy":"product_cat","embeddable":true,"href":"https:\/\/www.nordi.ee\/en\/wp-json\/wp\/v2\/product_cat?post=34015"},{"taxonomy":"product_tag","embeddable":true,"href":"https:\/\/www.nordi.ee\/en\/wp-json\/wp\/v2\/product_tag?post=34015"}],"curies":[{"name":"wp","href":"https:\/\/api.w.org\/{rel}","templated":true}]}}