{"id":33998,"date":"2025-11-12T03:01:53","date_gmt":"2025-11-12T01:01:53","guid":{"rendered":"https:\/\/www.nordi.ee\/toode\/soogilaud-regnald-pind-valge-marmor-jalad-hobedane\/"},"modified":"2026-04-13T05:18:09","modified_gmt":"2026-04-13T02:18:09","slug":"soogilaud-regnald-valge-marmor","status":"publish","type":"product","link":"https:\/\/www.nordi.ee\/en\/toode\/soogilaud-regnald-valge-marmor\/","title":{"rendered":"S\u00f6\u00f6gilaud REGNALD, valge marmor"},"content":{"rendered":"<p>m\u00f5\u00f5tmed: 120\/76\/77 cm; materjal: sintered stone \/ roostevaba teras, v\u00e4rv: pind &#8211; valge marmor, jalad &#8211; h\u00f5be<\/p>\n","protected":false},"excerpt":{"rendered":"<p>m\u00f5\u00f5tmed: 120\/76\/77 cm; materjal: sintered stone \/ roostevaba teras, v\u00e4rv: pind &#8211; valge marmor, jalad &#8211; h\u00f5be<\/p>\n","protected":false},"featured_media":16631,"comment_status":"closed","ping_status":"closed","template":"","meta":{"_gspb_post_css":""},"product_brand":[],"product_cat":[190,167],"product_tag":[],"class_list":{"0":"post-33998","1":"product","2":"type-product","3":"status-publish","4":"has-post-thumbnail","6":"product_cat-soogilauad","7":"product_cat-soogituba","8":"pa_jalgade-arv-289","9":"pa_korgus-406","10":"pa_laius-286","11":"pa_laua-suurus-5-person","12":"pa_laua-varvus-valge-marmor","13":"pa_laua-viimistlus-laikiv","14":"pa_lauaplaadi-kuju-ummargune","15":"pa_lauaplaadi-materjal-sinter","16":"pa_pakkide-arv-295","17":"pa_pikendatav-ei","18":"pa_raami-materjal-metall","19":"pa_stiil-glamuurne","20":"pa_sugavus-1832","21":"pa_vahelaos-jah","22":"pa_varv-hobedane","23":"pa_varv-valge","25":"first","26":"instock","27":"sale","28":"purchasable","29":"product-type-simple"},"_links":{"self":[{"href":"https:\/\/www.nordi.ee\/en\/wp-json\/wp\/v2\/product\/33998","targetHints":{"allow":["GET"]}}],"collection":[{"href":"https:\/\/www.nordi.ee\/en\/wp-json\/wp\/v2\/product"}],"about":[{"href":"https:\/\/www.nordi.ee\/en\/wp-json\/wp\/v2\/types\/product"}],"replies":[{"embeddable":true,"href":"https:\/\/www.nordi.ee\/en\/wp-json\/wp\/v2\/comments?post=33998"}],"wp:featuredmedia":[{"embeddable":true,"href":"https:\/\/www.nordi.ee\/en\/wp-json\/wp\/v2\/media\/16631"}],"wp:attachment":[{"href":"https:\/\/www.nordi.ee\/en\/wp-json\/wp\/v2\/media?parent=33998"}],"wp:term":[{"taxonomy":"product_brand","embeddable":true,"href":"https:\/\/www.nordi.ee\/en\/wp-json\/wp\/v2\/product_brand?post=33998"},{"taxonomy":"product_cat","embeddable":true,"href":"https:\/\/www.nordi.ee\/en\/wp-json\/wp\/v2\/product_cat?post=33998"},{"taxonomy":"product_tag","embeddable":true,"href":"https:\/\/www.nordi.ee\/en\/wp-json\/wp\/v2\/product_tag?post=33998"}],"curies":[{"name":"wp","href":"https:\/\/api.w.org\/{rel}","templated":true}]}}