{"id":33880,"date":"2025-11-12T02:55:31","date_gmt":"2025-11-12T00:55:31","guid":{"rendered":"https:\/\/www.nordi.ee\/toode\/kohvilaud-ramora-must-marmor-pahklipuu\/"},"modified":"2026-04-13T05:17:56","modified_gmt":"2026-04-13T02:17:56","slug":"kohvilaud-ramora-must-marmor-pahklipuu","status":"publish","type":"product","link":"https:\/\/www.nordi.ee\/en\/toode\/kohvilaud-ramora-must-marmor-pahklipuu\/","title":{"rendered":"Kohvilaud RAMORA, must marmor \/ p\u00e4hklipuu"},"content":{"rendered":"<p>m\u00f5\u00f5dud: 121\/61\/45 cm, materjal: sintered stone \/ laminaat MDF \/ pulberkattega teras, v\u00e4rv: must marmor \/ p\u00e4hkel<\/p>\n","protected":false},"excerpt":{"rendered":"<p>m\u00f5\u00f5dud: 121\/61\/45 cm, materjal: sintered stone \/ laminaat MDF \/ pulberkattega teras, v\u00e4rv: must marmor \/ p\u00e4hkel<\/p>\n","protected":false},"featured_media":16571,"comment_status":"closed","ping_status":"open","template":"","meta":{"_gspb_post_css":""},"product_brand":[],"product_cat":[178,165],"product_tag":[],"class_list":{"0":"post-33880","1":"product","2":"type-product","3":"status-publish","4":"has-post-thumbnail","6":"product_cat-diivanilauad","7":"product_cat-elutuba","8":"pa_korgus-343","9":"pa_laius-2008","10":"pa_laua-varvus-must-marmor","11":"pa_laua-viimistlus-matt","12":"pa_lauaplaadi-kuju-ristkulikukujuline","13":"pa_lauaplaadi-materjal-lamiiniga-kaetud-mdf","14":"pa_pakkide-arv-226","15":"pa_raami-materjal-metall","16":"pa_raami-varv-must","17":"pa_stiil-kaasaegne","18":"pa_sugavus-1255","19":"pa_vahelaos-jah","20":"pa_varv-marmore","21":"pa_varv-must","23":"first","24":"instock","25":"sale","26":"purchasable","27":"product-type-simple"},"_links":{"self":[{"href":"https:\/\/www.nordi.ee\/en\/wp-json\/wp\/v2\/product\/33880","targetHints":{"allow":["GET"]}}],"collection":[{"href":"https:\/\/www.nordi.ee\/en\/wp-json\/wp\/v2\/product"}],"about":[{"href":"https:\/\/www.nordi.ee\/en\/wp-json\/wp\/v2\/types\/product"}],"replies":[{"embeddable":true,"href":"https:\/\/www.nordi.ee\/en\/wp-json\/wp\/v2\/comments?post=33880"}],"wp:featuredmedia":[{"embeddable":true,"href":"https:\/\/www.nordi.ee\/en\/wp-json\/wp\/v2\/media\/16571"}],"wp:attachment":[{"href":"https:\/\/www.nordi.ee\/en\/wp-json\/wp\/v2\/media?parent=33880"}],"wp:term":[{"taxonomy":"product_brand","embeddable":true,"href":"https:\/\/www.nordi.ee\/en\/wp-json\/wp\/v2\/product_brand?post=33880"},{"taxonomy":"product_cat","embeddable":true,"href":"https:\/\/www.nordi.ee\/en\/wp-json\/wp\/v2\/product_cat?post=33880"},{"taxonomy":"product_tag","embeddable":true,"href":"https:\/\/www.nordi.ee\/en\/wp-json\/wp\/v2\/product_tag?post=33880"}],"curies":[{"name":"wp","href":"https:\/\/api.w.org\/{rel}","templated":true}]}}