{"id":33835,"date":"2025-11-12T02:52:54","date_gmt":"2025-11-12T00:52:54","guid":{"rendered":"https:\/\/www.nordi.ee\/toode\/kontoritool-puron-varv-hall\/"},"modified":"2026-04-15T05:10:51","modified_gmt":"2026-04-15T02:10:51","slug":"kontoritool-puron-varv-hall","status":"publish","type":"product","link":"https:\/\/www.nordi.ee\/en\/toode\/kontoritool-puron-varv-hall\/","title":{"rendered":"Kontoritool PURON, v\u00e4rv: hall"},"content":{"rendered":"<p>m\u00f5\u00f5tmed: 43\/42\/78-89\/45-56 cm, p\u00f5himehhanism, kummirattad, pol\u00fcprop\u00fcleen \/ \u00f6kokunstnahk, v\u00e4rv: hall<\/p>\n","protected":false},"excerpt":{"rendered":"<p>m\u00f5\u00f5tmed: 43\/42\/78-89\/45-56 cm, p\u00f5himehhanism, kummirattad, pol\u00fcprop\u00fcleen \/ \u00f6kokunstnahk, v\u00e4rv: hall<\/p>\n","protected":false},"featured_media":16545,"comment_status":"closed","ping_status":"open","template":"","meta":{"_gspb_post_css":""},"product_brand":[],"product_cat":[4063,216],"product_tag":[],"class_list":{"0":"post-33835","1":"product","2":"type-product","3":"status-publish","4":"has-post-thumbnail","6":"product_cat-kontoritoolid","7":"product_cat-kontor","8":"pa_istmekorgus-45-56","9":"pa_kaetugi-ilma-kaetugedeta","10":"pa_kandevoime-80-kg","11":"pa_kanga-varv-hall","12":"pa_korgus-766","13":"pa_laius-1376","14":"pa_mehhanism-tavaline","15":"pa_pakkide-arv-226","16":"pa_peatugi-ilma-peatugedeta","17":"pa_ratta-tuup-kumm","18":"pa_stiil-traditsiooniline","19":"pa_sugavus-355","20":"pa_tooli-materjal-kunstnahk","21":"pa_tooli-materjal-plastik","22":"pa_tuba-lastetuba","23":"pa_vahelaos-ei","25":"first","26":"instock","27":"sale","28":"purchasable","29":"product-type-simple"},"_links":{"self":[{"href":"https:\/\/www.nordi.ee\/en\/wp-json\/wp\/v2\/product\/33835","targetHints":{"allow":["GET"]}}],"collection":[{"href":"https:\/\/www.nordi.ee\/en\/wp-json\/wp\/v2\/product"}],"about":[{"href":"https:\/\/www.nordi.ee\/en\/wp-json\/wp\/v2\/types\/product"}],"replies":[{"embeddable":true,"href":"https:\/\/www.nordi.ee\/en\/wp-json\/wp\/v2\/comments?post=33835"}],"wp:featuredmedia":[{"embeddable":true,"href":"https:\/\/www.nordi.ee\/en\/wp-json\/wp\/v2\/media\/16545"}],"wp:attachment":[{"href":"https:\/\/www.nordi.ee\/en\/wp-json\/wp\/v2\/media?parent=33835"}],"wp:term":[{"taxonomy":"product_brand","embeddable":true,"href":"https:\/\/www.nordi.ee\/en\/wp-json\/wp\/v2\/product_brand?post=33835"},{"taxonomy":"product_cat","embeddable":true,"href":"https:\/\/www.nordi.ee\/en\/wp-json\/wp\/v2\/product_cat?post=33835"},{"taxonomy":"product_tag","embeddable":true,"href":"https:\/\/www.nordi.ee\/en\/wp-json\/wp\/v2\/product_tag?post=33835"}],"curies":[{"name":"wp","href":"https:\/\/api.w.org\/{rel}","templated":true}]}}