{"id":33831,"date":"2025-11-12T02:52:39","date_gmt":"2025-11-12T00:52:39","guid":{"rendered":"https:\/\/www.nordi.ee\/toode\/pulsar-nurgadiivan-varv-beez\/"},"modified":"2026-04-13T05:17:51","modified_gmt":"2026-04-13T02:17:51","slug":"tugitool-pulmar-2-manuaalne-recliner-beez","status":"publish","type":"product","link":"https:\/\/www.nordi.ee\/en\/toode\/tugitool-pulmar-2-manuaalne-recliner-beez\/","title":{"rendered":"Tugitool PULMAR 2 manuaalne recliner, bee\u017e"},"content":{"rendered":"<p>m\u00f5\u00f5tmed: 68\/85-135\/106-85 cm, massaa\u017eifunktsiooniga lamamistool, materjal: \u00f6koliim \/ PVC, v\u00e4rv: bee\u017e<\/p>\n","protected":false},"excerpt":{"rendered":"<p>m\u00f5\u00f5tmed: 68\/85-135\/106-85 cm, massaa\u017eifunktsiooniga lamamistool, materjal: \u00f6koliim \/ PVC, v\u00e4rv: bee\u017e<\/p>\n","protected":false},"featured_media":16531,"comment_status":"closed","ping_status":"closed","template":"","meta":{"_gspb_post_css":""},"product_brand":[],"product_cat":[215,188],"product_tag":[],"class_list":{"0":"post-33831","1":"product","2":"type-product","3":"status-publish","4":"has-post-thumbnail","6":"product_cat-pehme-moobel","7":"product_cat-tugitoolid","8":"pa_istmekorgus-731","9":"pa_jalgade-raami-materjal-metall","10":"pa_jalgade-raami-varv-beez","11":"pa_kanga-tuup-kunstnahk","12":"pa_kanga-varv-beez","13":"pa_korgus-742","14":"pa_laius-1062","15":"pa_lisafunktsioonid-recliner-funktsioon","16":"pa_pakkide-arv-226","17":"pa_stiil-traditsiooniline","18":"pa_sugavus-4126","19":"pa_vahelaos-jah","20":"pa_varv-beez","22":"first","23":"instock","24":"sale","25":"purchasable","26":"product-type-simple"},"_links":{"self":[{"href":"https:\/\/www.nordi.ee\/en\/wp-json\/wp\/v2\/product\/33831","targetHints":{"allow":["GET"]}}],"collection":[{"href":"https:\/\/www.nordi.ee\/en\/wp-json\/wp\/v2\/product"}],"about":[{"href":"https:\/\/www.nordi.ee\/en\/wp-json\/wp\/v2\/types\/product"}],"replies":[{"embeddable":true,"href":"https:\/\/www.nordi.ee\/en\/wp-json\/wp\/v2\/comments?post=33831"}],"wp:featuredmedia":[{"embeddable":true,"href":"https:\/\/www.nordi.ee\/en\/wp-json\/wp\/v2\/media\/16531"}],"wp:attachment":[{"href":"https:\/\/www.nordi.ee\/en\/wp-json\/wp\/v2\/media?parent=33831"}],"wp:term":[{"taxonomy":"product_brand","embeddable":true,"href":"https:\/\/www.nordi.ee\/en\/wp-json\/wp\/v2\/product_brand?post=33831"},{"taxonomy":"product_cat","embeddable":true,"href":"https:\/\/www.nordi.ee\/en\/wp-json\/wp\/v2\/product_cat?post=33831"},{"taxonomy":"product_tag","embeddable":true,"href":"https:\/\/www.nordi.ee\/en\/wp-json\/wp\/v2\/product_tag?post=33831"}],"curies":[{"name":"wp","href":"https:\/\/api.w.org\/{rel}","templated":true}]}}