{"id":33827,"date":"2025-11-12T02:52:14","date_gmt":"2025-11-12T00:52:14","guid":{"rendered":"https:\/\/www.nordi.ee\/toode\/ookapp-pravin-2-varv-hall\/"},"modified":"2026-04-13T05:17:48","modified_gmt":"2026-04-13T02:17:48","slug":"ookapp-pravin-2-varv-hall","status":"publish","type":"product","link":"https:\/\/www.nordi.ee\/en\/toode\/ookapp-pravin-2-varv-hall\/","title":{"rendered":"\u00d6\u00f6kapp PRAVIN 2, v\u00e4rv: hall"},"content":{"rendered":"<p>m\u00f5\u00f5tmed: 48\/41\/54 cm, materjal: kangas, v\u00e4rv: hall<\/p>\n","protected":false},"excerpt":{"rendered":"<p>m\u00f5\u00f5tmed: 48\/41\/54 cm, materjal: kangas, v\u00e4rv: hall<\/p>\n","protected":false},"featured_media":16522,"comment_status":"closed","ping_status":"open","template":"","meta":{"_gspb_post_css":""},"product_brand":[],"product_cat":[166,199],"product_tag":[],"class_list":{"0":"post-33827","1":"product","2":"type-product","3":"status-publish","4":"has-post-thumbnail","6":"product_cat-magamistuba","7":"product_cat-ookapid","8":"pa_kanga-tuup-kangas","9":"pa_kanga-varv-hall","10":"pa_korgus-1262","11":"pa_laius-1194","12":"pa_pakkide-arv-226","13":"pa_pesukast-ei","14":"pa_sobiv-madratsi-suurus-brak-opcji","15":"pa_stiil-kaasaegne","16":"pa_sugavus-686","17":"pa_vahelaos-jah","18":"pa_varv-hall","19":"pa_voodituup-polsterdatud","21":"first","22":"instock","23":"sale","24":"purchasable","25":"product-type-simple"},"_links":{"self":[{"href":"https:\/\/www.nordi.ee\/en\/wp-json\/wp\/v2\/product\/33827","targetHints":{"allow":["GET"]}}],"collection":[{"href":"https:\/\/www.nordi.ee\/en\/wp-json\/wp\/v2\/product"}],"about":[{"href":"https:\/\/www.nordi.ee\/en\/wp-json\/wp\/v2\/types\/product"}],"replies":[{"embeddable":true,"href":"https:\/\/www.nordi.ee\/en\/wp-json\/wp\/v2\/comments?post=33827"}],"wp:featuredmedia":[{"embeddable":true,"href":"https:\/\/www.nordi.ee\/en\/wp-json\/wp\/v2\/media\/16522"}],"wp:attachment":[{"href":"https:\/\/www.nordi.ee\/en\/wp-json\/wp\/v2\/media?parent=33827"}],"wp:term":[{"taxonomy":"product_brand","embeddable":true,"href":"https:\/\/www.nordi.ee\/en\/wp-json\/wp\/v2\/product_brand?post=33827"},{"taxonomy":"product_cat","embeddable":true,"href":"https:\/\/www.nordi.ee\/en\/wp-json\/wp\/v2\/product_cat?post=33827"},{"taxonomy":"product_tag","embeddable":true,"href":"https:\/\/www.nordi.ee\/en\/wp-json\/wp\/v2\/product_tag?post=33827"}],"curies":[{"name":"wp","href":"https:\/\/api.w.org\/{rel}","templated":true}]}}