{"id":33776,"date":"2025-11-12T02:48:14","date_gmt":"2025-11-12T00:48:14","guid":{"rendered":"https:\/\/www.nordi.ee\/toode\/seinapeegel-plazin-hobedane\/"},"modified":"2026-04-13T05:17:40","modified_gmt":"2026-04-13T02:17:40","slug":"seinapeegel-plazin-hobedane","status":"publish","type":"product","link":"https:\/\/www.nordi.ee\/en\/toode\/seinapeegel-plazin-hobedane\/","title":{"rendered":"Seinapeegel PLAZIN, h\u00f5bedane"},"content":{"rendered":"<p>seinapeegel, m\u00f5\u00f5tmed: 80\/60\/2.5 cm, materjal: raamita \/ alus &#8211; MDF plaat \/ peegel, v\u00e4rv: h\u00f5bedane<\/p>\n","protected":false},"excerpt":{"rendered":"<p>seinapeegel, m\u00f5\u00f5tmed: 80\/60\/2.5 cm, materjal: raamita \/ alus &#8211; MDF plaat \/ peegel, v\u00e4rv: h\u00f5bedane<\/p>\n","protected":false},"featured_media":16475,"comment_status":"closed","ping_status":"open","template":"","meta":{"_gspb_post_css":""},"product_brand":[],"product_cat":[181],"product_tag":[],"class_list":{"0":"post-33776","1":"product","2":"type-product","3":"status-publish","4":"has-post-thumbnail","6":"product_cat-peeglid","7":"pa_korgus-910","8":"pa_laius-310","9":"pa_materjal-peegel","10":"pa_pakkide-arv-226","11":"pa_raami-materjal-raam-puudub","12":"pa_stiil-kaasaegne","13":"pa_sugavus-1954","14":"pa_vahelaos-jah","15":"pa_varv-hobedane","17":"first","18":"instock","19":"sale","20":"purchasable","21":"product-type-simple"},"_links":{"self":[{"href":"https:\/\/www.nordi.ee\/en\/wp-json\/wp\/v2\/product\/33776","targetHints":{"allow":["GET"]}}],"collection":[{"href":"https:\/\/www.nordi.ee\/en\/wp-json\/wp\/v2\/product"}],"about":[{"href":"https:\/\/www.nordi.ee\/en\/wp-json\/wp\/v2\/types\/product"}],"replies":[{"embeddable":true,"href":"https:\/\/www.nordi.ee\/en\/wp-json\/wp\/v2\/comments?post=33776"}],"wp:featuredmedia":[{"embeddable":true,"href":"https:\/\/www.nordi.ee\/en\/wp-json\/wp\/v2\/media\/16475"}],"wp:attachment":[{"href":"https:\/\/www.nordi.ee\/en\/wp-json\/wp\/v2\/media?parent=33776"}],"wp:term":[{"taxonomy":"product_brand","embeddable":true,"href":"https:\/\/www.nordi.ee\/en\/wp-json\/wp\/v2\/product_brand?post=33776"},{"taxonomy":"product_cat","embeddable":true,"href":"https:\/\/www.nordi.ee\/en\/wp-json\/wp\/v2\/product_cat?post=33776"},{"taxonomy":"product_tag","embeddable":true,"href":"https:\/\/www.nordi.ee\/en\/wp-json\/wp\/v2\/product_tag?post=33776"}],"curies":[{"name":"wp","href":"https:\/\/api.w.org\/{rel}","templated":true}]}}