{"id":33690,"date":"2025-11-12T02:45:28","date_gmt":"2025-11-12T00:45:28","guid":{"rendered":"https:\/\/www.nordi.ee\/toode\/perus-vabaaja-tool-beez-2\/"},"modified":"2026-04-13T05:17:35","modified_gmt":"2026-04-13T02:17:35","slug":"tugitool-peru-manuaalne-recliner-beez","status":"publish","type":"product","link":"https:\/\/www.nordi.ee\/en\/toode\/tugitool-peru-manuaalne-recliner-beez\/","title":{"rendered":"Tugitool PERU manuaalne recliner, bee\u017e"},"content":{"rendered":"<p>m\u00f5\u00f5tmed: 80\/100-168\/101-80\/47 cm, lamamistool \/ joogitopsi hoidjad, materjal: \u00f6koloogiline nahk, v\u00e4rv: bee\u017e<\/p>\n","protected":false},"excerpt":{"rendered":"<p>m\u00f5\u00f5tmed: 80\/100-168\/101-80\/47 cm, lamamistool \/ joogitopsi hoidjad, materjal: \u00f6koloogiline nahk, v\u00e4rv: bee\u017e<\/p>\n","protected":false},"featured_media":16439,"comment_status":"closed","ping_status":"closed","template":"","meta":{"_gspb_post_css":""},"product_brand":[],"product_cat":[215,188],"product_tag":[],"class_list":{"0":"post-33690","1":"product","2":"type-product","3":"status-publish","4":"has-post-thumbnail","6":"product_cat-pehme-moobel","7":"product_cat-tugitoolid","8":"pa_istmekorgus-731","9":"pa_kanga-tuup-kunstnahk","10":"pa_kanga-varv-beez","11":"pa_korgus-910","12":"pa_laius-353","13":"pa_lisafunktsioonid-recliner-funktsioon","14":"pa_pakkide-arv-226","15":"pa_stiil-traditsiooniline","16":"pa_sugavus-1180","17":"pa_vahelaos-ei","18":"pa_varv-beez","20":"first","21":"instock","22":"sale","23":"purchasable","24":"product-type-simple"},"_links":{"self":[{"href":"https:\/\/www.nordi.ee\/en\/wp-json\/wp\/v2\/product\/33690","targetHints":{"allow":["GET"]}}],"collection":[{"href":"https:\/\/www.nordi.ee\/en\/wp-json\/wp\/v2\/product"}],"about":[{"href":"https:\/\/www.nordi.ee\/en\/wp-json\/wp\/v2\/types\/product"}],"replies":[{"embeddable":true,"href":"https:\/\/www.nordi.ee\/en\/wp-json\/wp\/v2\/comments?post=33690"}],"wp:featuredmedia":[{"embeddable":true,"href":"https:\/\/www.nordi.ee\/en\/wp-json\/wp\/v2\/media\/16439"}],"wp:attachment":[{"href":"https:\/\/www.nordi.ee\/en\/wp-json\/wp\/v2\/media?parent=33690"}],"wp:term":[{"taxonomy":"product_brand","embeddable":true,"href":"https:\/\/www.nordi.ee\/en\/wp-json\/wp\/v2\/product_brand?post=33690"},{"taxonomy":"product_cat","embeddable":true,"href":"https:\/\/www.nordi.ee\/en\/wp-json\/wp\/v2\/product_cat?post=33690"},{"taxonomy":"product_tag","embeddable":true,"href":"https:\/\/www.nordi.ee\/en\/wp-json\/wp\/v2\/product_tag?post=33690"}],"curies":[{"name":"wp","href":"https:\/\/api.w.org\/{rel}","templated":true}]}}