{"id":33686,"date":"2025-11-12T02:44:35","date_gmt":"2025-11-12T00:44:35","guid":{"rendered":"https:\/\/www.nordi.ee\/toode\/pegas-vabaaja-tool-mundiroheline\/"},"modified":"2026-04-13T05:17:32","modified_gmt":"2026-04-13T02:17:32","slug":"tugitool-pega-elektriline-recliner-mundiroheline","status":"publish","type":"product","link":"https:\/\/www.nordi.ee\/en\/toode\/tugitool-pega-elektriline-recliner-mundiroheline\/","title":{"rendered":"Tugitool PEGA elektriline recliner, m\u00fcndiroheline"},"content":{"rendered":"<p>m\u00f5\u00f5tmed: 110\/100-170\/108-81\/45 cm, elektriline peatoe \/ p\u00f6\u00f6rlev funktsioon \/ kiikuvad funktsioon, materjal: kangas, v\u00e4rv: m\u00fcnt<\/p>\n","protected":false},"excerpt":{"rendered":"<p>m\u00f5\u00f5tmed: 110\/100-170\/108-81\/45 cm, elektriline peatoe \/ p\u00f6\u00f6rlev funktsioon \/ kiikuvad funktsioon, materjal: kangas, v\u00e4rv: m\u00fcnt<\/p>\n","protected":false},"featured_media":16431,"comment_status":"closed","ping_status":"closed","template":"","meta":{"_gspb_post_css":""},"product_brand":[],"product_cat":[215,188],"product_tag":[],"class_list":{"0":"post-33686","1":"product","2":"type-product","3":"status-publish","4":"has-post-thumbnail","6":"product_cat-pehme-moobel","7":"product_cat-tugitoolid","8":"pa_kanga-tuup-kangas","9":"pa_kanga-varv-munt","10":"pa_lisafunktsioonid-recliner-funktsioon","11":"pa_stiil-traditsiooniline","12":"pa_vahelaos-jah","13":"pa_varv-munt","15":"first","16":"instock","17":"sale","18":"purchasable","19":"product-type-simple"},"_links":{"self":[{"href":"https:\/\/www.nordi.ee\/en\/wp-json\/wp\/v2\/product\/33686","targetHints":{"allow":["GET"]}}],"collection":[{"href":"https:\/\/www.nordi.ee\/en\/wp-json\/wp\/v2\/product"}],"about":[{"href":"https:\/\/www.nordi.ee\/en\/wp-json\/wp\/v2\/types\/product"}],"replies":[{"embeddable":true,"href":"https:\/\/www.nordi.ee\/en\/wp-json\/wp\/v2\/comments?post=33686"}],"wp:featuredmedia":[{"embeddable":true,"href":"https:\/\/www.nordi.ee\/en\/wp-json\/wp\/v2\/media\/16431"}],"wp:attachment":[{"href":"https:\/\/www.nordi.ee\/en\/wp-json\/wp\/v2\/media?parent=33686"}],"wp:term":[{"taxonomy":"product_brand","embeddable":true,"href":"https:\/\/www.nordi.ee\/en\/wp-json\/wp\/v2\/product_brand?post=33686"},{"taxonomy":"product_cat","embeddable":true,"href":"https:\/\/www.nordi.ee\/en\/wp-json\/wp\/v2\/product_cat?post=33686"},{"taxonomy":"product_tag","embeddable":true,"href":"https:\/\/www.nordi.ee\/en\/wp-json\/wp\/v2\/product_tag?post=33686"}],"curies":[{"name":"wp","href":"https:\/\/api.w.org\/{rel}","templated":true}]}}