{"id":33629,"date":"2025-11-12T02:41:00","date_gmt":"2025-11-12T00:41:00","guid":{"rendered":"https:\/\/www.nordi.ee\/toode\/paulinio-kokkuklapitav-diivan-varv-beez-2\/"},"modified":"2026-04-13T05:17:30","modified_gmt":"2026-04-13T02:17:30","slug":"diivanvoodi-paul-beez","status":"publish","type":"product","link":"https:\/\/www.nordi.ee\/en\/toode\/diivanvoodi-paul-beez\/","title":{"rendered":"Diivanvoodi PAUL, bee\u017e"},"content":{"rendered":"<p>m\u00f5\u00f5tmed: 170\/90-190\/93-43 cm; kokkupandav diivan, materjal: kangas \/ pol\u00fcprop\u00fcleen, v\u00e4rv: bee\u017e<\/p>\n","protected":false},"excerpt":{"rendered":"<p>m\u00f5\u00f5tmed: 170\/90-190\/93-43 cm; kokkupandav diivan, materjal: kangas \/ pol\u00fcprop\u00fcleen, v\u00e4rv: bee\u017e<\/p>\n","protected":false},"featured_media":16412,"comment_status":"closed","ping_status":"closed","template":"","meta":{"_gspb_post_css":""},"product_brand":[],"product_cat":[202,215],"product_tag":[],"class_list":{"0":"post-33629","1":"product","2":"type-product","3":"status-publish","4":"has-post-thumbnail","6":"product_cat-diivanid","7":"product_cat-pehme-moobel","8":"pa_istmekorgus-859","9":"pa_jalgade-raami-materjal-polupropuleen","10":"pa_jalgade-raami-varv-must","11":"pa_kanga-tuup-kangas","12":"pa_kanga-varv-beez","13":"pa_korgus-464","14":"pa_laius-1710","15":"pa_lisafunktsioonid-lahtikaiv-diivan","16":"pa_pakkide-arv-295","17":"pa_stiil-traditsiooniline","18":"pa_sugavus-4177","19":"pa_vahelaos-ei","20":"pa_varv-beez","22":"first","23":"instock","24":"sale","25":"purchasable","26":"product-type-simple"},"_links":{"self":[{"href":"https:\/\/www.nordi.ee\/en\/wp-json\/wp\/v2\/product\/33629","targetHints":{"allow":["GET"]}}],"collection":[{"href":"https:\/\/www.nordi.ee\/en\/wp-json\/wp\/v2\/product"}],"about":[{"href":"https:\/\/www.nordi.ee\/en\/wp-json\/wp\/v2\/types\/product"}],"replies":[{"embeddable":true,"href":"https:\/\/www.nordi.ee\/en\/wp-json\/wp\/v2\/comments?post=33629"}],"wp:featuredmedia":[{"embeddable":true,"href":"https:\/\/www.nordi.ee\/en\/wp-json\/wp\/v2\/media\/16412"}],"wp:attachment":[{"href":"https:\/\/www.nordi.ee\/en\/wp-json\/wp\/v2\/media?parent=33629"}],"wp:term":[{"taxonomy":"product_brand","embeddable":true,"href":"https:\/\/www.nordi.ee\/en\/wp-json\/wp\/v2\/product_brand?post=33629"},{"taxonomy":"product_cat","embeddable":true,"href":"https:\/\/www.nordi.ee\/en\/wp-json\/wp\/v2\/product_cat?post=33629"},{"taxonomy":"product_tag","embeddable":true,"href":"https:\/\/www.nordi.ee\/en\/wp-json\/wp\/v2\/product_tag?post=33629"}],"curies":[{"name":"wp","href":"https:\/\/api.w.org\/{rel}","templated":true}]}}