{"id":33550,"date":"2025-11-12T02:37:13","date_gmt":"2025-11-12T00:37:13","guid":{"rendered":"https:\/\/www.nordi.ee\/toode\/vahesein-parvin-1-varv-pahklipuu\/"},"modified":"2026-04-13T05:17:24","modified_gmt":"2026-04-13T02:17:24","slug":"vahesein-parvin-1-varv-pahklipuu","status":"publish","type":"product","link":"https:\/\/www.nordi.ee\/en\/toode\/vahesein-parvin-1-varv-pahklipuu\/","title":{"rendered":"Vahesein PARVIN-1, v\u00e4rv: p\u00e4hklipuu"},"content":{"rendered":"<p>m\u00f5\u00f5tmed: 43\/2\/178 (x3) cm, materjal: massiivne puit \/ p\u00e4rgament, v\u00e4rv: p\u00e4hklipuu<\/p>\n","protected":false},"excerpt":{"rendered":"<p>m\u00f5\u00f5tmed: 43\/2\/178 (x3) cm, materjal: massiivne puit \/ p\u00e4rgament, v\u00e4rv: p\u00e4hklipuu<\/p>\n","protected":false},"featured_media":16380,"comment_status":"closed","ping_status":"open","template":"","meta":{"_gspb_post_css":""},"product_brand":[],"product_cat":[4068],"product_tag":[],"class_list":{"0":"post-33550","1":"product","2":"type-product","3":"status-publish","4":"has-post-thumbnail","6":"product_cat-vaheseinad","7":"pa_kanga-varv-valge","8":"pa_korgus-1953","9":"pa_laius-1376","10":"pa_materjal-taispuit","11":"pa_pakkide-arv-226","12":"pa_stiil-traditsiooniline","13":"pa_sugavus-1954","14":"pa_vahelaos-ei","15":"pa_varv-pahkel","16":"pa_varv-valge","18":"first","19":"instock","20":"sale","21":"purchasable","22":"product-type-simple"},"_links":{"self":[{"href":"https:\/\/www.nordi.ee\/en\/wp-json\/wp\/v2\/product\/33550","targetHints":{"allow":["GET"]}}],"collection":[{"href":"https:\/\/www.nordi.ee\/en\/wp-json\/wp\/v2\/product"}],"about":[{"href":"https:\/\/www.nordi.ee\/en\/wp-json\/wp\/v2\/types\/product"}],"replies":[{"embeddable":true,"href":"https:\/\/www.nordi.ee\/en\/wp-json\/wp\/v2\/comments?post=33550"}],"wp:featuredmedia":[{"embeddable":true,"href":"https:\/\/www.nordi.ee\/en\/wp-json\/wp\/v2\/media\/16380"}],"wp:attachment":[{"href":"https:\/\/www.nordi.ee\/en\/wp-json\/wp\/v2\/media?parent=33550"}],"wp:term":[{"taxonomy":"product_brand","embeddable":true,"href":"https:\/\/www.nordi.ee\/en\/wp-json\/wp\/v2\/product_brand?post=33550"},{"taxonomy":"product_cat","embeddable":true,"href":"https:\/\/www.nordi.ee\/en\/wp-json\/wp\/v2\/product_cat?post=33550"},{"taxonomy":"product_tag","embeddable":true,"href":"https:\/\/www.nordi.ee\/en\/wp-json\/wp\/v2\/product_tag?post=33550"}],"curies":[{"name":"wp","href":"https:\/\/api.w.org\/{rel}","templated":true}]}}