{"id":33538,"date":"2025-11-12T02:35:10","date_gmt":"2025-11-12T00:35:10","guid":{"rendered":"https:\/\/www.nordi.ee\/toode\/kahe-kohvilauda-komplekt-paolen-2-marmor-hobe\/"},"modified":"2026-04-13T05:17:23","modified_gmt":"2026-04-13T02:17:23","slug":"kahe-kohvilauda-komplekt-paolen-2-marmor-hobe","status":"publish","type":"product","link":"https:\/\/www.nordi.ee\/en\/toode\/kahe-kohvilauda-komplekt-paolen-2-marmor-hobe\/","title":{"rendered":"Kohvilaua komplekt PAOLEN 2, marmor \/ h\u00f5be"},"content":{"rendered":"<p>m\u00f5\u00f5dud: 60\/40 ja 38\/34 cm, materjal: laminaat MDF \/ pulberkattega teras, v\u00e4rv: marmor \/ h\u00f5be<\/p>\n","protected":false},"excerpt":{"rendered":"<p>m\u00f5\u00f5dud: 60\/40 ja 38\/34 cm, materjal: laminaat MDF \/ pulberkattega teras, v\u00e4rv: marmor \/ h\u00f5be<\/p>\n","protected":false},"featured_media":16373,"comment_status":"closed","ping_status":"closed","template":"","meta":{"_gspb_post_css":""},"product_brand":[],"product_cat":[178,165],"product_tag":[],"class_list":{"0":"post-33538","1":"product","2":"type-product","3":"status-publish","4":"has-post-thumbnail","6":"product_cat-diivanilauad","7":"product_cat-elutuba","8":"pa_korgus-2571","9":"pa_laius-623","10":"pa_laua-varvus-valge-marmor","11":"pa_laua-viimistlus-matt","12":"pa_lauaplaadi-kuju-ummargune","13":"pa_lauaplaadi-materjal-lamiiniga-kaetud-mdf","14":"pa_pakkide-arv-226","15":"pa_raami-materjal-metall","16":"pa_raami-varv-hobedane","17":"pa_stiil-glamuur","18":"pa_stiil-klassikaline","19":"pa_sugavus-316","20":"pa_vahelaos-jah","21":"pa_varv-hobedane","22":"pa_varv-marmor","24":"first","25":"instock","26":"sale","27":"purchasable","28":"product-type-simple"},"_links":{"self":[{"href":"https:\/\/www.nordi.ee\/en\/wp-json\/wp\/v2\/product\/33538","targetHints":{"allow":["GET"]}}],"collection":[{"href":"https:\/\/www.nordi.ee\/en\/wp-json\/wp\/v2\/product"}],"about":[{"href":"https:\/\/www.nordi.ee\/en\/wp-json\/wp\/v2\/types\/product"}],"replies":[{"embeddable":true,"href":"https:\/\/www.nordi.ee\/en\/wp-json\/wp\/v2\/comments?post=33538"}],"wp:featuredmedia":[{"embeddable":true,"href":"https:\/\/www.nordi.ee\/en\/wp-json\/wp\/v2\/media\/16373"}],"wp:attachment":[{"href":"https:\/\/www.nordi.ee\/en\/wp-json\/wp\/v2\/media?parent=33538"}],"wp:term":[{"taxonomy":"product_brand","embeddable":true,"href":"https:\/\/www.nordi.ee\/en\/wp-json\/wp\/v2\/product_brand?post=33538"},{"taxonomy":"product_cat","embeddable":true,"href":"https:\/\/www.nordi.ee\/en\/wp-json\/wp\/v2\/product_cat?post=33538"},{"taxonomy":"product_tag","embeddable":true,"href":"https:\/\/www.nordi.ee\/en\/wp-json\/wp\/v2\/product_tag?post=33538"}],"curies":[{"name":"wp","href":"https:\/\/api.w.org\/{rel}","templated":true}]}}