{"id":33433,"date":"2025-11-12T02:28:45","date_gmt":"2025-11-12T00:28:45","guid":{"rendered":"https:\/\/www.nordi.ee\/toode\/pacho-kahe-komplekti-varv-beez\/"},"modified":"2026-04-13T05:17:11","modified_gmt":"2026-04-13T02:17:11","slug":"pacho-kahe-komplekti-varv-beez","status":"publish","type":"product","link":"https:\/\/www.nordi.ee\/en\/toode\/pacho-kahe-komplekti-varv-beez\/","title":{"rendered":"PACHO kahe komplekti v\u00e4rv: bee\u017e"},"content":{"rendered":"<p>m\u00f5\u00f5tmed: 40\/44 cm ja 33\/39 cm; komplekt kahest koos hoiustamisfunktsiooniga, materjal: kangas &#8211; samet, v\u00e4rv: bee\u017e<\/p>\n","protected":false},"excerpt":{"rendered":"<p>m\u00f5\u00f5tmed: 40\/44 cm ja 33\/39 cm; komplekt kahest koos hoiustamisfunktsiooniga, materjal: kangas &#8211; samet, v\u00e4rv: bee\u017e<\/p>\n","protected":false},"featured_media":16302,"comment_status":"closed","ping_status":"open","template":"","meta":{"_gspb_post_css":""},"product_brand":[],"product_cat":[4064],"product_tag":[],"class_list":{"0":"post-33433","1":"product","2":"type-product","3":"status-publish","4":"has-post-thumbnail","6":"product_cat-tumbad","7":"pa_istmekorgus-456","8":"pa_kanga-tuup-sametkangas","9":"pa_kanga-varv-beez","10":"pa_korgus-552","11":"pa_laius-572","12":"pa_lisafunktsioonid-pesukast","13":"pa_pakkide-arv-226","14":"pa_stiil-klassikaline","15":"pa_stiil-moodne","16":"pa_sugavus-646","17":"pa_vahelaos-ei","19":"first","20":"instock","21":"sale","22":"purchasable","23":"product-type-simple"},"_links":{"self":[{"href":"https:\/\/www.nordi.ee\/en\/wp-json\/wp\/v2\/product\/33433","targetHints":{"allow":["GET"]}}],"collection":[{"href":"https:\/\/www.nordi.ee\/en\/wp-json\/wp\/v2\/product"}],"about":[{"href":"https:\/\/www.nordi.ee\/en\/wp-json\/wp\/v2\/types\/product"}],"replies":[{"embeddable":true,"href":"https:\/\/www.nordi.ee\/en\/wp-json\/wp\/v2\/comments?post=33433"}],"wp:featuredmedia":[{"embeddable":true,"href":"https:\/\/www.nordi.ee\/en\/wp-json\/wp\/v2\/media\/16302"}],"wp:attachment":[{"href":"https:\/\/www.nordi.ee\/en\/wp-json\/wp\/v2\/media?parent=33433"}],"wp:term":[{"taxonomy":"product_brand","embeddable":true,"href":"https:\/\/www.nordi.ee\/en\/wp-json\/wp\/v2\/product_brand?post=33433"},{"taxonomy":"product_cat","embeddable":true,"href":"https:\/\/www.nordi.ee\/en\/wp-json\/wp\/v2\/product_cat?post=33433"},{"taxonomy":"product_tag","embeddable":true,"href":"https:\/\/www.nordi.ee\/en\/wp-json\/wp\/v2\/product_tag?post=33433"}],"curies":[{"name":"wp","href":"https:\/\/api.w.org\/{rel}","templated":true}]}}