{"id":33381,"date":"2025-11-12T02:26:36","date_gmt":"2025-11-12T00:26:36","guid":{"rendered":"https:\/\/www.nordi.ee\/toode\/oslo-3s-diivan-koos-valjaheitefunktsiooniga-varv-beez\/"},"modified":"2026-04-13T05:17:08","modified_gmt":"2026-04-13T02:17:08","slug":"3ne-recliner-osnor-2s-beez","status":"publish","type":"product","link":"https:\/\/www.nordi.ee\/en\/toode\/3ne-recliner-osnor-2s-beez\/","title":{"rendered":"3ne recliner OSNOR 2S, bee\u017e"},"content":{"rendered":"<p>m\u00f5\u00f5tmed: 180\/95-158\/100-79\/49 cm, diivan kokkuklapitava funktsiooniga, materjal: kangas, v\u00e4rv: bee\u017e<\/p>\n","protected":false},"excerpt":{"rendered":"<p>m\u00f5\u00f5tmed: 180\/95-158\/100-79\/49 cm, diivan kokkuklapitava funktsiooniga, materjal: kangas, v\u00e4rv: bee\u017e<\/p>\n","protected":false},"featured_media":16282,"comment_status":"closed","ping_status":"closed","template":"","meta":{"_gspb_post_css":""},"product_brand":[],"product_cat":[202,215],"product_tag":[],"class_list":{"0":"post-33381","1":"product","2":"type-product","3":"status-publish","4":"has-post-thumbnail","6":"product_cat-diivanid","7":"product_cat-pehme-moobel","8":"pa_istmekorgus-222","9":"pa_jalgade-raami-materjal-metall","10":"pa_jalgade-raami-varv-must","11":"pa_kanga-tuup-kangas","12":"pa_kanga-varv-beez","13":"pa_korgus-1595","14":"pa_laius-1300","15":"pa_lisafunktsioonid-recliner-funktsioon","16":"pa_pakkide-arv-226","17":"pa_stiil-traditsiooniline","18":"pa_sugavus-4170","19":"pa_vahelaos-ei","20":"pa_varv-must","22":"first","23":"instock","24":"sale","25":"purchasable","26":"product-type-simple"},"_links":{"self":[{"href":"https:\/\/www.nordi.ee\/en\/wp-json\/wp\/v2\/product\/33381","targetHints":{"allow":["GET"]}}],"collection":[{"href":"https:\/\/www.nordi.ee\/en\/wp-json\/wp\/v2\/product"}],"about":[{"href":"https:\/\/www.nordi.ee\/en\/wp-json\/wp\/v2\/types\/product"}],"replies":[{"embeddable":true,"href":"https:\/\/www.nordi.ee\/en\/wp-json\/wp\/v2\/comments?post=33381"}],"wp:featuredmedia":[{"embeddable":true,"href":"https:\/\/www.nordi.ee\/en\/wp-json\/wp\/v2\/media\/16282"}],"wp:attachment":[{"href":"https:\/\/www.nordi.ee\/en\/wp-json\/wp\/v2\/media?parent=33381"}],"wp:term":[{"taxonomy":"product_brand","embeddable":true,"href":"https:\/\/www.nordi.ee\/en\/wp-json\/wp\/v2\/product_brand?post=33381"},{"taxonomy":"product_cat","embeddable":true,"href":"https:\/\/www.nordi.ee\/en\/wp-json\/wp\/v2\/product_cat?post=33381"},{"taxonomy":"product_tag","embeddable":true,"href":"https:\/\/www.nordi.ee\/en\/wp-json\/wp\/v2\/product_tag?post=33381"}],"curies":[{"name":"wp","href":"https:\/\/api.w.org\/{rel}","templated":true}]}}