{"id":33336,"date":"2025-11-12T02:25:53","date_gmt":"2025-11-12T00:25:53","guid":{"rendered":"https:\/\/www.nordi.ee\/toode\/orso-voodi-beez-2\/"},"modified":"2026-04-13T05:17:04","modified_gmt":"2026-04-13T02:17:04","slug":"voodi-oras-beez-2","status":"publish","type":"product","link":"https:\/\/www.nordi.ee\/en\/toode\/voodi-oras-beez-2\/","title":{"rendered":"Voodi ORAS, bee\u017e"},"content":{"rendered":"<p>materjal: kangas matt samet &#8211; MAVE, v\u00e4rvid: bee\u017e #38,* voodi ilma madratsita, valikuline madrats POLARIS 90 v\u00f5i SYRIUSZ 90<\/p>\n","protected":false},"excerpt":{"rendered":"<p>materjal: kangas matt samet &#8211; MAVE, v\u00e4rvid: bee\u017e #38,* voodi ilma madratsita, valikuline madrats POLARIS 90 v\u00f5i SYRIUSZ 90<\/p>\n","protected":false},"featured_media":16252,"comment_status":"closed","ping_status":"closed","template":"","meta":{"_gspb_post_css":""},"product_brand":[],"product_cat":[166,215,179],"product_tag":[],"class_list":{"0":"post-33336","1":"product","2":"type-product","3":"status-publish","4":"has-post-thumbnail","6":"product_cat-magamistuba","7":"product_cat-pehme-moobel","8":"product_cat-voodid","9":"pa_kanga-tuup-sametkangas","10":"pa_korgus-2196","11":"pa_laius-463","12":"pa_pakkide-arv-226","13":"pa_pesukast-ei","14":"pa_sobiv-madratsi-suurus-90x200cm","15":"pa_stiil-glamuur","16":"pa_stiil-moodne","17":"pa_sugavus-4085","18":"pa_vahelaos-jah","19":"pa_varv-beez","20":"pa_voodituup-polsterdatud","22":"first","23":"instock","24":"sale","25":"purchasable","26":"product-type-simple"},"_links":{"self":[{"href":"https:\/\/www.nordi.ee\/en\/wp-json\/wp\/v2\/product\/33336","targetHints":{"allow":["GET"]}}],"collection":[{"href":"https:\/\/www.nordi.ee\/en\/wp-json\/wp\/v2\/product"}],"about":[{"href":"https:\/\/www.nordi.ee\/en\/wp-json\/wp\/v2\/types\/product"}],"replies":[{"embeddable":true,"href":"https:\/\/www.nordi.ee\/en\/wp-json\/wp\/v2\/comments?post=33336"}],"wp:featuredmedia":[{"embeddable":true,"href":"https:\/\/www.nordi.ee\/en\/wp-json\/wp\/v2\/media\/16252"}],"wp:attachment":[{"href":"https:\/\/www.nordi.ee\/en\/wp-json\/wp\/v2\/media?parent=33336"}],"wp:term":[{"taxonomy":"product_brand","embeddable":true,"href":"https:\/\/www.nordi.ee\/en\/wp-json\/wp\/v2\/product_brand?post=33336"},{"taxonomy":"product_cat","embeddable":true,"href":"https:\/\/www.nordi.ee\/en\/wp-json\/wp\/v2\/product_cat?post=33336"},{"taxonomy":"product_tag","embeddable":true,"href":"https:\/\/www.nordi.ee\/en\/wp-json\/wp\/v2\/product_tag?post=33336"}],"curies":[{"name":"wp","href":"https:\/\/api.w.org\/{rel}","templated":true}]}}