{"id":33326,"date":"2025-11-12T02:23:30","date_gmt":"2025-11-12T00:23:30","guid":{"rendered":"https:\/\/www.nordi.ee\/toode\/kontoritool-orvest-mitmevarviline\/"},"modified":"2026-04-12T05:16:15","modified_gmt":"2026-04-12T02:16:15","slug":"kontoritool-orvest-mitmevarviline","status":"publish","type":"product","link":"https:\/\/www.nordi.ee\/en\/toode\/kontoritool-orvest-mitmevarviline\/","title":{"rendered":"Kontoritool ORVEST, mitmev\u00e4rviline"},"content":{"rendered":"<p>m\u00f5\u00f5tmed: 51\/51\/88-100\/48-60 cm, lihtne mehhanism, kangas, v\u00e4rv: mitmev\u00e4rviline<\/p>\n","protected":false},"excerpt":{"rendered":"<p>m\u00f5\u00f5tmed: 51\/51\/88-100\/48-60 cm, lihtne mehhanism, kangas, v\u00e4rv: mitmev\u00e4rviline<\/p>\n","protected":false},"featured_media":16245,"comment_status":"closed","ping_status":"open","template":"","meta":{"_gspb_post_css":""},"product_brand":[],"product_cat":[216,4063],"product_tag":[],"class_list":{"0":"post-33326","1":"product","2":"type-product","3":"status-publish","4":"has-post-thumbnail","6":"product_cat-kontor","7":"product_cat-kontoritoolid","8":"pa_istmekorgus-48-60","9":"pa_kaetugi-fikseeritud-kaetugi","10":"pa_kandevoime-100-kg","11":"pa_kanga-varv-mitmevarviline","12":"pa_korgus-1219","13":"pa_laius-1379","14":"pa_mehhanism-tavaline","15":"pa_pakkide-arv-226","16":"pa_peatugi-ilma-peatugedeta","17":"pa_ratta-tuup-normaalne","18":"pa_stiil-kaasaegne","19":"pa_sugavus-433","20":"pa_tooli-materjal-kangas","21":"pa_tuba-lastetool","22":"pa_tuba-lastetuba","23":"pa_vahelaos-ei","24":"pa_varv-valge","26":"first","27":"instock","28":"sale","29":"purchasable","30":"product-type-simple"},"_links":{"self":[{"href":"https:\/\/www.nordi.ee\/en\/wp-json\/wp\/v2\/product\/33326","targetHints":{"allow":["GET"]}}],"collection":[{"href":"https:\/\/www.nordi.ee\/en\/wp-json\/wp\/v2\/product"}],"about":[{"href":"https:\/\/www.nordi.ee\/en\/wp-json\/wp\/v2\/types\/product"}],"replies":[{"embeddable":true,"href":"https:\/\/www.nordi.ee\/en\/wp-json\/wp\/v2\/comments?post=33326"}],"wp:featuredmedia":[{"embeddable":true,"href":"https:\/\/www.nordi.ee\/en\/wp-json\/wp\/v2\/media\/16245"}],"wp:attachment":[{"href":"https:\/\/www.nordi.ee\/en\/wp-json\/wp\/v2\/media?parent=33326"}],"wp:term":[{"taxonomy":"product_brand","embeddable":true,"href":"https:\/\/www.nordi.ee\/en\/wp-json\/wp\/v2\/product_brand?post=33326"},{"taxonomy":"product_cat","embeddable":true,"href":"https:\/\/www.nordi.ee\/en\/wp-json\/wp\/v2\/product_cat?post=33326"},{"taxonomy":"product_tag","embeddable":true,"href":"https:\/\/www.nordi.ee\/en\/wp-json\/wp\/v2\/product_tag?post=33326"}],"curies":[{"name":"wp","href":"https:\/\/api.w.org\/{rel}","templated":true}]}}