{"id":33317,"date":"2025-11-12T02:23:30","date_gmt":"2025-11-12T00:23:30","guid":{"rendered":"https:\/\/www.nordi.ee\/toode\/laste-kontoritool-orlion-must-hall\/"},"modified":"2026-04-13T05:17:03","modified_gmt":"2026-04-13T02:17:03","slug":"laste-kontoritool-orlion-must-hall","status":"publish","type":"product","link":"https:\/\/www.nordi.ee\/en\/toode\/laste-kontoritool-orlion-must-hall\/","title":{"rendered":"Kontoritool lastele ORLION, must \/ hall"},"content":{"rendered":"<p>m\u00f5\u00f5tmed: 46\/55\/89-99\/48-58 cm, lihtne mehhanism, kangas \/ pol\u00fcprop\u00fcleen, v\u00e4rv: must \/ hall<\/p>\n","protected":false},"excerpt":{"rendered":"<p>m\u00f5\u00f5tmed: 46\/55\/89-99\/48-58 cm, lihtne mehhanism, kangas \/ pol\u00fcprop\u00fcleen, v\u00e4rv: must \/ hall<\/p>\n","protected":false},"featured_media":16241,"comment_status":"closed","ping_status":"closed","template":"","meta":{"_gspb_post_css":""},"product_brand":[],"product_cat":[216,4063],"product_tag":[],"class_list":{"0":"post-33317","1":"product","2":"type-product","3":"status-publish","4":"has-post-thumbnail","6":"product_cat-kontor","7":"product_cat-kontoritoolid","8":"pa_istmekorgus-48-58","9":"pa_kaetugi-ilma-kaetugedeta","10":"pa_kandevoime-80-kg","11":"pa_kanga-varv-hall","12":"pa_korgus-1435","13":"pa_laius-874","14":"pa_mehhanism-tavaline","15":"pa_pakkide-arv-226","16":"pa_peatugi-ilma-peatugedeta","17":"pa_ratta-tuup-kumm","18":"pa_stiil-moodne","19":"pa_stiil-skandinaavia","20":"pa_sugavus-539","21":"pa_tooli-materjal-kangas","22":"pa_tooli-materjal-polupropuleen","23":"pa_tuba-lastetool","24":"pa_tuba-lastetuba","25":"pa_vahelaos-jah","26":"pa_varv-must","28":"first","29":"instock","30":"sale","31":"purchasable","32":"product-type-simple"},"_links":{"self":[{"href":"https:\/\/www.nordi.ee\/en\/wp-json\/wp\/v2\/product\/33317","targetHints":{"allow":["GET"]}}],"collection":[{"href":"https:\/\/www.nordi.ee\/en\/wp-json\/wp\/v2\/product"}],"about":[{"href":"https:\/\/www.nordi.ee\/en\/wp-json\/wp\/v2\/types\/product"}],"replies":[{"embeddable":true,"href":"https:\/\/www.nordi.ee\/en\/wp-json\/wp\/v2\/comments?post=33317"}],"wp:featuredmedia":[{"embeddable":true,"href":"https:\/\/www.nordi.ee\/en\/wp-json\/wp\/v2\/media\/16241"}],"wp:attachment":[{"href":"https:\/\/www.nordi.ee\/en\/wp-json\/wp\/v2\/media?parent=33317"}],"wp:term":[{"taxonomy":"product_brand","embeddable":true,"href":"https:\/\/www.nordi.ee\/en\/wp-json\/wp\/v2\/product_brand?post=33317"},{"taxonomy":"product_cat","embeddable":true,"href":"https:\/\/www.nordi.ee\/en\/wp-json\/wp\/v2\/product_cat?post=33317"},{"taxonomy":"product_tag","embeddable":true,"href":"https:\/\/www.nordi.ee\/en\/wp-json\/wp\/v2\/product_tag?post=33317"}],"curies":[{"name":"wp","href":"https:\/\/api.w.org\/{rel}","templated":true}]}}