{"id":33278,"date":"2025-11-12T02:21:44","date_gmt":"2025-11-12T00:21:44","guid":{"rendered":"https:\/\/www.nordi.ee\/toode\/orinoko-puhkenaer-beez\/"},"modified":"2026-04-13T05:17:00","modified_gmt":"2026-04-13T02:17:00","slug":"poorlev-tugitool-orvia-beez","status":"publish","type":"product","link":"https:\/\/www.nordi.ee\/en\/toode\/poorlev-tugitool-orvia-beez\/","title":{"rendered":"P\u00f6\u00f6rlev tugitool ORVIA, bee\u017e"},"content":{"rendered":"<p>m\u00f5\u00f5tmed: 72\/79\/87\/46 cm, p\u00f6\u00f6rdumisfunktsioon, materjal: kangas &#8211; ODIN \/ pulberkattega teras, v\u00e4rv: bee\u017e #28<\/p>\n","protected":false},"excerpt":{"rendered":"<p>m\u00f5\u00f5tmed: 72\/79\/87\/46 cm, p\u00f6\u00f6rdumisfunktsioon, materjal: kangas &#8211; ODIN \/ pulberkattega teras, v\u00e4rv: bee\u017e #28<\/p>\n","protected":false},"featured_media":16225,"comment_status":"closed","ping_status":"closed","template":"","meta":{"_gspb_post_css":""},"product_brand":[],"product_cat":[215,188],"product_tag":[],"class_list":{"0":"post-33278","1":"product","2":"type-product","3":"status-publish","4":"has-post-thumbnail","6":"product_cat-pehme-moobel","7":"product_cat-tugitoolid","8":"pa_istmekorgus-647","9":"pa_jalgade-raami-materjal-metall","10":"pa_jalgade-raami-varv-must","11":"pa_kanga-tuup-odin-kangas","12":"pa_kanga-varv-beez","13":"pa_korgus-455","14":"pa_laius-427","15":"pa_lisafunktsioonid-360-poorlev-iste","16":"pa_pakkide-arv-226","17":"pa_stiil-kaasaegne","18":"pa_sugavus-955","19":"pa_vahelaos-jah","20":"pa_varv-beez","22":"first","23":"instock","24":"sale","25":"purchasable","26":"product-type-simple"},"_links":{"self":[{"href":"https:\/\/www.nordi.ee\/en\/wp-json\/wp\/v2\/product\/33278","targetHints":{"allow":["GET"]}}],"collection":[{"href":"https:\/\/www.nordi.ee\/en\/wp-json\/wp\/v2\/product"}],"about":[{"href":"https:\/\/www.nordi.ee\/en\/wp-json\/wp\/v2\/types\/product"}],"replies":[{"embeddable":true,"href":"https:\/\/www.nordi.ee\/en\/wp-json\/wp\/v2\/comments?post=33278"}],"wp:featuredmedia":[{"embeddable":true,"href":"https:\/\/www.nordi.ee\/en\/wp-json\/wp\/v2\/media\/16225"}],"wp:attachment":[{"href":"https:\/\/www.nordi.ee\/en\/wp-json\/wp\/v2\/media?parent=33278"}],"wp:term":[{"taxonomy":"product_brand","embeddable":true,"href":"https:\/\/www.nordi.ee\/en\/wp-json\/wp\/v2\/product_brand?post=33278"},{"taxonomy":"product_cat","embeddable":true,"href":"https:\/\/www.nordi.ee\/en\/wp-json\/wp\/v2\/product_cat?post=33278"},{"taxonomy":"product_tag","embeddable":true,"href":"https:\/\/www.nordi.ee\/en\/wp-json\/wp\/v2\/product_tag?post=33278"}],"curies":[{"name":"wp","href":"https:\/\/api.w.org\/{rel}","templated":true}]}}