{"id":33231,"date":"2025-11-12T02:19:47","date_gmt":"2025-11-12T00:19:47","guid":{"rendered":"https:\/\/www.nordi.ee\/toode\/optima-lamamistool-varv-beez\/"},"modified":"2026-04-13T05:16:53","modified_gmt":"2026-04-13T02:16:53","slug":"tugitool-optena-recliner-beez","status":"publish","type":"product","link":"https:\/\/www.nordi.ee\/en\/toode\/tugitool-optena-recliner-beez\/","title":{"rendered":"Tugitool OPTENA recliner,  bee\u017e"},"content":{"rendered":"<p>m\u00f5\u00f5tmed: 77\/80-139\/101-84 cm, lamamistooli materjal: \u00f6kolesekujundus \/ PVC, v\u00e4rv: bee\u017e<\/p>\n","protected":false},"excerpt":{"rendered":"<p>m\u00f5\u00f5tmed: 77\/80-139\/101-84 cm, lamamistooli materjal: \u00f6kolesekujundus \/ PVC, v\u00e4rv: bee\u017e<\/p>\n","protected":false},"featured_media":16189,"comment_status":"closed","ping_status":"closed","template":"","meta":{"_gspb_post_css":""},"product_brand":[],"product_cat":[215,188],"product_tag":[],"class_list":{"0":"post-33231","1":"product","2":"type-product","3":"status-publish","4":"has-post-thumbnail","6":"product_cat-pehme-moobel","7":"product_cat-tugitoolid","8":"pa_istmekorgus-456","9":"pa_jalgade-raami-materjal-metall","10":"pa_jalgade-raami-varv-beez","11":"pa_kanga-tuup-kunstnahk","12":"pa_kanga-varv-beez","13":"pa_korgus-1363","14":"pa_laius-619","15":"pa_lisafunktsioonid-recliner-funktsioon","16":"pa_pakkide-arv-226","17":"pa_stiil-traditsiooniline","18":"pa_sugavus-475","19":"pa_vahelaos-jah","20":"pa_varv-beez","22":"first","23":"instock","24":"sale","25":"purchasable","26":"product-type-simple"},"_links":{"self":[{"href":"https:\/\/www.nordi.ee\/en\/wp-json\/wp\/v2\/product\/33231","targetHints":{"allow":["GET"]}}],"collection":[{"href":"https:\/\/www.nordi.ee\/en\/wp-json\/wp\/v2\/product"}],"about":[{"href":"https:\/\/www.nordi.ee\/en\/wp-json\/wp\/v2\/types\/product"}],"replies":[{"embeddable":true,"href":"https:\/\/www.nordi.ee\/en\/wp-json\/wp\/v2\/comments?post=33231"}],"wp:featuredmedia":[{"embeddable":true,"href":"https:\/\/www.nordi.ee\/en\/wp-json\/wp\/v2\/media\/16189"}],"wp:attachment":[{"href":"https:\/\/www.nordi.ee\/en\/wp-json\/wp\/v2\/media?parent=33231"}],"wp:term":[{"taxonomy":"product_brand","embeddable":true,"href":"https:\/\/www.nordi.ee\/en\/wp-json\/wp\/v2\/product_brand?post=33231"},{"taxonomy":"product_cat","embeddable":true,"href":"https:\/\/www.nordi.ee\/en\/wp-json\/wp\/v2\/product_cat?post=33231"},{"taxonomy":"product_tag","embeddable":true,"href":"https:\/\/www.nordi.ee\/en\/wp-json\/wp\/v2\/product_tag?post=33231"}],"curies":[{"name":"wp","href":"https:\/\/api.w.org\/{rel}","templated":true}]}}