{"id":33221,"date":"2025-11-12T02:19:47","date_gmt":"2025-11-12T00:19:47","guid":{"rendered":"https:\/\/www.nordi.ee\/toode\/umar-soogilaud-optar-klaas\/"},"modified":"2026-04-13T05:16:51","modified_gmt":"2026-04-13T02:16:51","slug":"umar-soogilaud-optar-klaas","status":"publish","type":"product","link":"https:\/\/www.nordi.ee\/en\/toode\/umar-soogilaud-optar-klaas\/","title":{"rendered":"\u00dcmar s\u00f6\u00f6gilaud OPTAR, klaas"},"content":{"rendered":"<p>m\u00f5\u00f5tmed: o122\/77 cm, materjal: klaas \/ pulberkattega teras \/ kunstkivi, v\u00e4rv: pealne &#8211; l\u00e4bipaistev, jalad &#8211; mustad<\/p>\n","protected":false},"excerpt":{"rendered":"<p>m\u00f5\u00f5tmed: o122\/77 cm, materjal: klaas \/ pulberkattega teras \/ kunstkivi, v\u00e4rv: pealne &#8211; l\u00e4bipaistev, jalad &#8211; mustad<\/p>\n","protected":false},"featured_media":16183,"comment_status":"closed","ping_status":"open","template":"","meta":{"_gspb_post_css":""},"product_brand":[],"product_cat":[190,167],"product_tag":[],"class_list":{"0":"post-33221","1":"product","2":"type-product","3":"status-publish","4":"has-post-thumbnail","6":"product_cat-soogilauad","7":"product_cat-soogituba","8":"pa_jalgade-arv-494","9":"pa_korgus-505","10":"pa_laius-684","11":"pa_laua-suurus-5-person","12":"pa_laua-varvus-labipaistev-klaas","13":"pa_laua-viimistlus-laikiv","14":"pa_lauaplaadi-kuju-ummargune","15":"pa_lauaplaadi-materjal-klaas","16":"pa_pakkide-arv-466","17":"pa_pikendatav-ei","18":"pa_stiil-glamuur","19":"pa_stiil-moodne","20":"pa_sugavus-4136","21":"pa_vahelaos-ei","22":"pa_varv-must","24":"first","25":"instock","26":"sale","27":"purchasable","28":"product-type-simple"},"_links":{"self":[{"href":"https:\/\/www.nordi.ee\/en\/wp-json\/wp\/v2\/product\/33221","targetHints":{"allow":["GET"]}}],"collection":[{"href":"https:\/\/www.nordi.ee\/en\/wp-json\/wp\/v2\/product"}],"about":[{"href":"https:\/\/www.nordi.ee\/en\/wp-json\/wp\/v2\/types\/product"}],"replies":[{"embeddable":true,"href":"https:\/\/www.nordi.ee\/en\/wp-json\/wp\/v2\/comments?post=33221"}],"wp:featuredmedia":[{"embeddable":true,"href":"https:\/\/www.nordi.ee\/en\/wp-json\/wp\/v2\/media\/16183"}],"wp:attachment":[{"href":"https:\/\/www.nordi.ee\/en\/wp-json\/wp\/v2\/media?parent=33221"}],"wp:term":[{"taxonomy":"product_brand","embeddable":true,"href":"https:\/\/www.nordi.ee\/en\/wp-json\/wp\/v2\/product_brand?post=33221"},{"taxonomy":"product_cat","embeddable":true,"href":"https:\/\/www.nordi.ee\/en\/wp-json\/wp\/v2\/product_cat?post=33221"},{"taxonomy":"product_tag","embeddable":true,"href":"https:\/\/www.nordi.ee\/en\/wp-json\/wp\/v2\/product_tag?post=33221"}],"curies":[{"name":"wp","href":"https:\/\/api.w.org\/{rel}","templated":true}]}}