{"id":33213,"date":"2025-11-12T02:19:47","date_gmt":"2025-11-12T00:19:47","guid":{"rendered":"https:\/\/www.nordi.ee\/toode\/opale-vabaaegtool-varv-heledhalli-2\/"},"modified":"2026-04-13T05:16:51","modified_gmt":"2026-04-13T02:16:51","slug":"opale-vabaaegtool-varv-heledhalli-2","status":"publish","type":"product","link":"https:\/\/www.nordi.ee\/en\/toode\/opale-vabaaegtool-varv-heledhalli-2\/","title":{"rendered":"OPALE vabaaegtool, v\u00e4rv: heledhalli"},"content":{"rendered":"<p>m\u00f5\u00f5tmed: 73\/78\/86\/46 cm, materjal: kangas \/ kummipuit, v\u00e4rvid: polsterdus &#8211; hall, jalad &#8211; tume p\u00e4hkel \/ kuld<\/p>\n","protected":false},"excerpt":{"rendered":"<p>m\u00f5\u00f5tmed: 73\/78\/86\/46 cm, materjal: kangas \/ kummipuit, v\u00e4rvid: polsterdus &#8211; hall, jalad &#8211; tume p\u00e4hkel \/ kuld<\/p>\n","protected":false},"featured_media":16179,"comment_status":"closed","ping_status":"open","template":"","meta":{"_gspb_post_css":""},"product_brand":[],"product_cat":[215],"product_tag":[],"class_list":{"0":"post-33213","1":"product","2":"type-product","3":"status-publish","4":"has-post-thumbnail","6":"product_cat-pehme-moobel","7":"pa_vahelaos-ei","9":"first","10":"instock","11":"sale","12":"purchasable","13":"product-type-simple"},"_links":{"self":[{"href":"https:\/\/www.nordi.ee\/en\/wp-json\/wp\/v2\/product\/33213","targetHints":{"allow":["GET"]}}],"collection":[{"href":"https:\/\/www.nordi.ee\/en\/wp-json\/wp\/v2\/product"}],"about":[{"href":"https:\/\/www.nordi.ee\/en\/wp-json\/wp\/v2\/types\/product"}],"replies":[{"embeddable":true,"href":"https:\/\/www.nordi.ee\/en\/wp-json\/wp\/v2\/comments?post=33213"}],"wp:featuredmedia":[{"embeddable":true,"href":"https:\/\/www.nordi.ee\/en\/wp-json\/wp\/v2\/media\/16179"}],"wp:attachment":[{"href":"https:\/\/www.nordi.ee\/en\/wp-json\/wp\/v2\/media?parent=33213"}],"wp:term":[{"taxonomy":"product_brand","embeddable":true,"href":"https:\/\/www.nordi.ee\/en\/wp-json\/wp\/v2\/product_brand?post=33213"},{"taxonomy":"product_cat","embeddable":true,"href":"https:\/\/www.nordi.ee\/en\/wp-json\/wp\/v2\/product_cat?post=33213"},{"taxonomy":"product_tag","embeddable":true,"href":"https:\/\/www.nordi.ee\/en\/wp-json\/wp\/v2\/product_tag?post=33213"}],"curies":[{"name":"wp","href":"https:\/\/api.w.org\/{rel}","templated":true}]}}