{"id":33206,"date":"2025-11-12T02:18:51","date_gmt":"2025-11-12T00:18:51","guid":{"rendered":"https:\/\/www.nordi.ee\/toode\/umar-soogilaud-olmara-pahklipuu-must\/"},"modified":"2026-04-13T05:16:49","modified_gmt":"2026-04-13T02:16:49","slug":"umar-soogilaud-olmara-pahklipuu-must","status":"publish","type":"product","link":"https:\/\/www.nordi.ee\/en\/toode\/umar-soogilaud-olmara-pahklipuu-must\/","title":{"rendered":"\u00dcmar s\u00f6\u00f6gilaud OLMARA, p\u00e4hklipuu \/ must"},"content":{"rendered":"<p>m\u00f5\u00f5tmed: diameeter 90\/73 cm, materjal: laminaat MDF \/ pulberkattega teras, v\u00e4rv: pind &#8211; p\u00e4hklipuu, jalg &#8211; must<\/p>\n","protected":false},"excerpt":{"rendered":"<p>m\u00f5\u00f5tmed: diameeter 90\/73 cm, materjal: laminaat MDF \/ pulberkattega teras, v\u00e4rv: pind &#8211; p\u00e4hklipuu, jalg &#8211; must<\/p>\n","protected":false},"featured_media":16175,"comment_status":"closed","ping_status":"open","template":"","meta":{"_gspb_post_css":""},"product_brand":[],"product_cat":[190,167],"product_tag":[],"class_list":{"0":"post-33206","1":"product","2":"type-product","3":"status-publish","4":"has-post-thumbnail","6":"product_cat-soogilauad","7":"product_cat-soogituba","8":"pa_jalgade-arv-494","9":"pa_korgus-383","10":"pa_laius-349","11":"pa_laua-suurus-4-person","12":"pa_laua-varvus-pahkel","13":"pa_laua-viimistlus-matt","14":"pa_lauaplaadi-kuju-ummargune","15":"pa_lauaplaadi-materjal-lamiiniga-kaetud-mdf","16":"pa_pakkide-arv-466","17":"pa_pikendatav-ei","18":"pa_raami-materjal-metall","19":"pa_raami-varv-must","20":"pa_stiil-loft","21":"pa_stiil-moodne","22":"pa_sugavus-351","23":"pa_vahelaos-jah","24":"pa_varv-must","25":"pa_varv-pahkel","27":"first","28":"instock","29":"sale","30":"purchasable","31":"product-type-simple"},"_links":{"self":[{"href":"https:\/\/www.nordi.ee\/en\/wp-json\/wp\/v2\/product\/33206","targetHints":{"allow":["GET"]}}],"collection":[{"href":"https:\/\/www.nordi.ee\/en\/wp-json\/wp\/v2\/product"}],"about":[{"href":"https:\/\/www.nordi.ee\/en\/wp-json\/wp\/v2\/types\/product"}],"replies":[{"embeddable":true,"href":"https:\/\/www.nordi.ee\/en\/wp-json\/wp\/v2\/comments?post=33206"}],"wp:featuredmedia":[{"embeddable":true,"href":"https:\/\/www.nordi.ee\/en\/wp-json\/wp\/v2\/media\/16175"}],"wp:attachment":[{"href":"https:\/\/www.nordi.ee\/en\/wp-json\/wp\/v2\/media?parent=33206"}],"wp:term":[{"taxonomy":"product_brand","embeddable":true,"href":"https:\/\/www.nordi.ee\/en\/wp-json\/wp\/v2\/product_brand?post=33206"},{"taxonomy":"product_cat","embeddable":true,"href":"https:\/\/www.nordi.ee\/en\/wp-json\/wp\/v2\/product_cat?post=33206"},{"taxonomy":"product_tag","embeddable":true,"href":"https:\/\/www.nordi.ee\/en\/wp-json\/wp\/v2\/product_tag?post=33206"}],"curies":[{"name":"wp","href":"https:\/\/api.w.org\/{rel}","templated":true}]}}