{"id":33205,"date":"2025-11-12T02:18:51","date_gmt":"2025-11-12T00:18:51","guid":{"rendered":"https:\/\/www.nordi.ee\/toode\/olivier-laud-varv-labipaistev-2\/"},"modified":"2026-04-13T05:16:49","modified_gmt":"2026-04-13T02:16:49","slug":"soogilaud-olivia","status":"publish","type":"product","link":"https:\/\/www.nordi.ee\/en\/toode\/soogilaud-olivia\/","title":{"rendered":"S\u00f6\u00f6gilaud OLIVIA"},"content":{"rendered":"<p>m\u00f5\u00f5tmed: 119\/69\/75 cm, materjal: klaas \/ roostevaba teras, v\u00e4rv: klaas &#8211; l\u00e4bipaistev<\/p>\n","protected":false},"excerpt":{"rendered":"<p>m\u00f5\u00f5tmed: 119\/69\/75 cm, materjal: klaas \/ roostevaba teras, v\u00e4rv: klaas &#8211; l\u00e4bipaistev<\/p>\n","protected":false},"featured_media":16172,"comment_status":"closed","ping_status":"closed","template":"","meta":{"_gspb_post_css":""},"product_brand":[],"product_cat":[190,167],"product_tag":[],"class_list":{"0":"post-33205","1":"product","2":"type-product","3":"status-publish","4":"has-post-thumbnail","6":"product_cat-soogilauad","7":"product_cat-soogituba","8":"pa_vahelaos-ei","10":"first","11":"instock","12":"sale","13":"purchasable","14":"product-type-simple"},"_links":{"self":[{"href":"https:\/\/www.nordi.ee\/en\/wp-json\/wp\/v2\/product\/33205","targetHints":{"allow":["GET"]}}],"collection":[{"href":"https:\/\/www.nordi.ee\/en\/wp-json\/wp\/v2\/product"}],"about":[{"href":"https:\/\/www.nordi.ee\/en\/wp-json\/wp\/v2\/types\/product"}],"replies":[{"embeddable":true,"href":"https:\/\/www.nordi.ee\/en\/wp-json\/wp\/v2\/comments?post=33205"}],"wp:featuredmedia":[{"embeddable":true,"href":"https:\/\/www.nordi.ee\/en\/wp-json\/wp\/v2\/media\/16172"}],"wp:attachment":[{"href":"https:\/\/www.nordi.ee\/en\/wp-json\/wp\/v2\/media?parent=33205"}],"wp:term":[{"taxonomy":"product_brand","embeddable":true,"href":"https:\/\/www.nordi.ee\/en\/wp-json\/wp\/v2\/product_brand?post=33205"},{"taxonomy":"product_cat","embeddable":true,"href":"https:\/\/www.nordi.ee\/en\/wp-json\/wp\/v2\/product_cat?post=33205"},{"taxonomy":"product_tag","embeddable":true,"href":"https:\/\/www.nordi.ee\/en\/wp-json\/wp\/v2\/product_tag?post=33205"}],"curies":[{"name":"wp","href":"https:\/\/api.w.org\/{rel}","templated":true}]}}