{"id":33194,"date":"2025-11-12T02:18:51","date_gmt":"2025-11-12T00:18:51","guid":{"rendered":"https:\/\/www.nordi.ee\/toode\/nunez-pouf-varv-roosa-2\/"},"modified":"2026-04-13T05:16:48","modified_gmt":"2026-04-13T02:16:48","slug":"nunez-pouf-varv-roosa-2","status":"publish","type":"product","link":"https:\/\/www.nordi.ee\/en\/toode\/nunez-pouf-varv-roosa-2\/","title":{"rendered":"NUNEZ pouf v\u00e4rv: roosa"},"content":{"rendered":"<p>m\u00f5\u00f5dud: 70\/40 cm; materjal: kangas &#8211; samet, v\u00e4rvid: roosa<\/p>\n","protected":false},"excerpt":{"rendered":"<p>m\u00f5\u00f5dud: 70\/40 cm; materjal: kangas &#8211; samet, v\u00e4rvid: roosa<\/p>\n","protected":false},"featured_media":16160,"comment_status":"closed","ping_status":"open","template":"","meta":{"_gspb_post_css":""},"product_brand":[],"product_cat":[4064],"product_tag":[],"class_list":{"0":"post-33194","1":"product","2":"type-product","3":"status-publish","4":"has-post-thumbnail","6":"product_cat-tumbad","7":"pa_istmekorgus-616","8":"pa_kanga-tuup-sametkangas","9":"pa_kanga-varv-roosa","10":"pa_korgus-311","11":"pa_laius-427","12":"pa_lisafunktsioonid-pesukast","13":"pa_pakkide-arv-226","14":"pa_stiil-glamuurne","15":"pa_stiil-kaasaegne","16":"pa_stiil-klassikaline","17":"pa_sugavus-268","18":"pa_vahelaos-jah","19":"pa_varv-roosa","21":"first","22":"instock","23":"sale","24":"purchasable","25":"product-type-simple"},"_links":{"self":[{"href":"https:\/\/www.nordi.ee\/en\/wp-json\/wp\/v2\/product\/33194","targetHints":{"allow":["GET"]}}],"collection":[{"href":"https:\/\/www.nordi.ee\/en\/wp-json\/wp\/v2\/product"}],"about":[{"href":"https:\/\/www.nordi.ee\/en\/wp-json\/wp\/v2\/types\/product"}],"replies":[{"embeddable":true,"href":"https:\/\/www.nordi.ee\/en\/wp-json\/wp\/v2\/comments?post=33194"}],"wp:featuredmedia":[{"embeddable":true,"href":"https:\/\/www.nordi.ee\/en\/wp-json\/wp\/v2\/media\/16160"}],"wp:attachment":[{"href":"https:\/\/www.nordi.ee\/en\/wp-json\/wp\/v2\/media?parent=33194"}],"wp:term":[{"taxonomy":"product_brand","embeddable":true,"href":"https:\/\/www.nordi.ee\/en\/wp-json\/wp\/v2\/product_brand?post=33194"},{"taxonomy":"product_cat","embeddable":true,"href":"https:\/\/www.nordi.ee\/en\/wp-json\/wp\/v2\/product_cat?post=33194"},{"taxonomy":"product_tag","embeddable":true,"href":"https:\/\/www.nordi.ee\/en\/wp-json\/wp\/v2\/product_tag?post=33194"}],"curies":[{"name":"wp","href":"https:\/\/api.w.org\/{rel}","templated":true}]}}