{"id":33166,"date":"2025-11-12T02:15:31","date_gmt":"2025-11-12T00:15:31","guid":{"rendered":"https:\/\/www.nordi.ee\/toode\/pikendatav-soogilaud-norvin\/"},"modified":"2026-04-13T05:16:43","modified_gmt":"2026-04-13T02:16:43","slug":"pikendatav-soogilaud-norvin","status":"publish","type":"product","link":"https:\/\/www.nordi.ee\/en\/toode\/pikendatav-soogilaud-norvin\/","title":{"rendered":"Pikendatav s\u00f6\u00f6gilaud NORVIN"},"content":{"rendered":"<p>laiendatav laud, m\u00f5\u00f5tmed: 140-180\/80\/76 cm, materjal: lakitud MDF, v\u00e4rv: valge \/ must<\/p>\n","protected":false},"excerpt":{"rendered":"<p>laiendatav laud, m\u00f5\u00f5tmed: 140-180\/80\/76 cm, materjal: lakitud MDF, v\u00e4rv: valge \/ must<\/p>\n","protected":false},"featured_media":16136,"comment_status":"closed","ping_status":"open","template":"","meta":{"_gspb_post_css":""},"product_brand":[],"product_cat":[190,167],"product_tag":[],"class_list":{"0":"post-33166","1":"product","2":"type-product","3":"status-publish","4":"has-post-thumbnail","6":"product_cat-soogilauad","7":"product_cat-soogituba","8":"pa_jalgade-arv-494","9":"pa_korgus-406","10":"pa_laius-353","11":"pa_laua-suurus-6-person-8-person","12":"pa_laua-varvus-must","13":"pa_laua-varvus-valge","14":"pa_laua-viimistlus-laikiv","15":"pa_lauaplaadi-kuju-ristkulikukujuline","16":"pa_lauaplaadi-materjal-lakitud-mdf","17":"pa_maximum-pikkus-4211","18":"pa_pakkide-arv-466","19":"pa_pikendatav-jah","20":"pa_stiil-glamuurne","21":"pa_stiil-kaasaegne","22":"pa_sugavus-4088","23":"pa_vahelaos-jah","24":"pa_varv-must","25":"pa_varv-valge","27":"first","28":"instock","29":"sale","30":"purchasable","31":"product-type-simple"},"_links":{"self":[{"href":"https:\/\/www.nordi.ee\/en\/wp-json\/wp\/v2\/product\/33166","targetHints":{"allow":["GET"]}}],"collection":[{"href":"https:\/\/www.nordi.ee\/en\/wp-json\/wp\/v2\/product"}],"about":[{"href":"https:\/\/www.nordi.ee\/en\/wp-json\/wp\/v2\/types\/product"}],"replies":[{"embeddable":true,"href":"https:\/\/www.nordi.ee\/en\/wp-json\/wp\/v2\/comments?post=33166"}],"wp:featuredmedia":[{"embeddable":true,"href":"https:\/\/www.nordi.ee\/en\/wp-json\/wp\/v2\/media\/16136"}],"wp:attachment":[{"href":"https:\/\/www.nordi.ee\/en\/wp-json\/wp\/v2\/media?parent=33166"}],"wp:term":[{"taxonomy":"product_brand","embeddable":true,"href":"https:\/\/www.nordi.ee\/en\/wp-json\/wp\/v2\/product_brand?post=33166"},{"taxonomy":"product_cat","embeddable":true,"href":"https:\/\/www.nordi.ee\/en\/wp-json\/wp\/v2\/product_cat?post=33166"},{"taxonomy":"product_tag","embeddable":true,"href":"https:\/\/www.nordi.ee\/en\/wp-json\/wp\/v2\/product_tag?post=33166"}],"curies":[{"name":"wp","href":"https:\/\/api.w.org\/{rel}","templated":true}]}}