{"id":33158,"date":"2025-11-12T02:15:31","date_gmt":"2025-11-12T00:15:31","guid":{"rendered":"https:\/\/www.nordi.ee\/toode\/nobel-pikendustabel-varv-valge-2\/"},"modified":"2026-04-13T05:16:43","modified_gmt":"2026-04-13T02:16:43","slug":"pikendatav-soogilaud-nopein-valge","status":"publish","type":"product","link":"https:\/\/www.nordi.ee\/en\/toode\/pikendatav-soogilaud-nopein-valge\/","title":{"rendered":"Pikendatav s\u00f6\u00f6gilaud NOPEIN, valge"},"content":{"rendered":"<p>laiendatav laud, m\u00f5\u00f5tmed: 160\u00f7200\/90\/75 cm, materjal: lakitud MDF \/ roostevaba teras, v\u00e4rv: valge mustade triipudega<\/p>\n","protected":false},"excerpt":{"rendered":"<p>laiendatav laud, m\u00f5\u00f5tmed: 160\u00f7200\/90\/75 cm, materjal: lakitud MDF \/ roostevaba teras, v\u00e4rv: valge mustade triipudega<\/p>\n","protected":false},"featured_media":16132,"comment_status":"closed","ping_status":"closed","template":"","meta":{"_gspb_post_css":""},"product_brand":[],"product_cat":[190,167],"product_tag":[],"class_list":{"0":"post-33158","1":"product","2":"type-product","3":"status-publish","4":"has-post-thumbnail","6":"product_cat-soogilauad","7":"product_cat-soogituba","8":"pa_jalgade-arv-494","9":"pa_korgus-287","10":"pa_laius-349","11":"pa_laua-suurus-6-person-8-person","12":"pa_laua-varvus-valge","13":"pa_lauaplaadi-kuju-ristkulikukujuline","14":"pa_lauaplaadi-materjal-lakitud-mdf","15":"pa_maximum-pikkus-4207","16":"pa_pakkide-arv-466","17":"pa_pikendatav-jah","18":"pa_stiil-glamuurne","19":"pa_stiil-kaasaegne","20":"pa_sugavus-4084","21":"pa_vahelaos-ei","22":"pa_varv-valge","24":"first","25":"instock","26":"sale","27":"purchasable","28":"product-type-simple"},"_links":{"self":[{"href":"https:\/\/www.nordi.ee\/en\/wp-json\/wp\/v2\/product\/33158","targetHints":{"allow":["GET"]}}],"collection":[{"href":"https:\/\/www.nordi.ee\/en\/wp-json\/wp\/v2\/product"}],"about":[{"href":"https:\/\/www.nordi.ee\/en\/wp-json\/wp\/v2\/types\/product"}],"replies":[{"embeddable":true,"href":"https:\/\/www.nordi.ee\/en\/wp-json\/wp\/v2\/comments?post=33158"}],"wp:featuredmedia":[{"embeddable":true,"href":"https:\/\/www.nordi.ee\/en\/wp-json\/wp\/v2\/media\/16132"}],"wp:attachment":[{"href":"https:\/\/www.nordi.ee\/en\/wp-json\/wp\/v2\/media?parent=33158"}],"wp:term":[{"taxonomy":"product_brand","embeddable":true,"href":"https:\/\/www.nordi.ee\/en\/wp-json\/wp\/v2\/product_brand?post=33158"},{"taxonomy":"product_cat","embeddable":true,"href":"https:\/\/www.nordi.ee\/en\/wp-json\/wp\/v2\/product_cat?post=33158"},{"taxonomy":"product_tag","embeddable":true,"href":"https:\/\/www.nordi.ee\/en\/wp-json\/wp\/v2\/product_tag?post=33158"}],"curies":[{"name":"wp","href":"https:\/\/api.w.org\/{rel}","templated":true}]}}