{"id":33078,"date":"2025-11-12T02:11:40","date_gmt":"2025-11-12T00:11:40","guid":{"rendered":"https:\/\/www.nordi.ee\/toode\/pikendatav-soogilaudlaud-nelmar-valge\/"},"modified":"2026-04-13T05:16:36","modified_gmt":"2026-04-13T02:16:36","slug":"pikendatav-soogilaudlaud-nelmar-valge","status":"publish","type":"product","link":"https:\/\/www.nordi.ee\/en\/toode\/pikendatav-soogilaudlaud-nelmar-valge\/","title":{"rendered":"Pikendatav s\u00f6\u00f6gilaudlaud NELMAR, valge"},"content":{"rendered":"<p>m\u00f5\u00f5tmed: 160-200\/90\/76 cm, pikendatav laud, materjal: lakitud MDF \/ massiivne kummipuu, v\u00e4rv: pind &#8211; valge, jalad &#8211; valged<\/p>\n","protected":false},"excerpt":{"rendered":"<p>m\u00f5\u00f5tmed: 160-200\/90\/76 cm, pikendatav laud, materjal: lakitud MDF \/ massiivne kummipuu, v\u00e4rv: pind &#8211; valge, jalad &#8211; valged<\/p>\n","protected":false},"featured_media":16097,"comment_status":"closed","ping_status":"open","template":"","meta":{"_gspb_post_css":""},"product_brand":[],"product_cat":[190,167],"product_tag":[],"class_list":{"0":"post-33078","1":"product","2":"type-product","3":"status-publish","4":"has-post-thumbnail","6":"product_cat-soogilauad","7":"product_cat-soogituba","8":"pa_jalgade-arv-289","9":"pa_korgus-406","10":"pa_laius-349","11":"pa_laua-suurus-6-person-8-person","12":"pa_laua-varvus-valge","13":"pa_laua-viimistlus-matt","14":"pa_lauaplaadi-kuju-ristkulikukujuline","15":"pa_lauaplaadi-materjal-lakitud-mdf","16":"pa_maximum-pikkus-4207","17":"pa_pakkide-arv-226","18":"pa_pikendatav-jah","19":"pa_raami-materjal-puit","20":"pa_stiil-klassikaline","21":"pa_stiil-skandinaavia","22":"pa_sugavus-4084","23":"pa_vahelaos-jah","24":"pa_varv-valge","26":"first","27":"instock","28":"sale","29":"purchasable","30":"product-type-simple"},"_links":{"self":[{"href":"https:\/\/www.nordi.ee\/en\/wp-json\/wp\/v2\/product\/33078","targetHints":{"allow":["GET"]}}],"collection":[{"href":"https:\/\/www.nordi.ee\/en\/wp-json\/wp\/v2\/product"}],"about":[{"href":"https:\/\/www.nordi.ee\/en\/wp-json\/wp\/v2\/types\/product"}],"replies":[{"embeddable":true,"href":"https:\/\/www.nordi.ee\/en\/wp-json\/wp\/v2\/comments?post=33078"}],"wp:featuredmedia":[{"embeddable":true,"href":"https:\/\/www.nordi.ee\/en\/wp-json\/wp\/v2\/media\/16097"}],"wp:attachment":[{"href":"https:\/\/www.nordi.ee\/en\/wp-json\/wp\/v2\/media?parent=33078"}],"wp:term":[{"taxonomy":"product_brand","embeddable":true,"href":"https:\/\/www.nordi.ee\/en\/wp-json\/wp\/v2\/product_brand?post=33078"},{"taxonomy":"product_cat","embeddable":true,"href":"https:\/\/www.nordi.ee\/en\/wp-json\/wp\/v2\/product_cat?post=33078"},{"taxonomy":"product_tag","embeddable":true,"href":"https:\/\/www.nordi.ee\/en\/wp-json\/wp\/v2\/product_tag?post=33078"}],"curies":[{"name":"wp","href":"https:\/\/api.w.org\/{rel}","templated":true}]}}