{"id":33005,"date":"2025-11-12T02:07:43","date_gmt":"2025-11-12T00:07:43","guid":{"rendered":"https:\/\/www.nordi.ee\/toode\/soogilaud-musvin-hallmikristallist\/"},"modified":"2026-04-13T05:16:30","modified_gmt":"2026-04-13T02:16:30","slug":"soogilaud-musvin-hallmikristallist","status":"publish","type":"product","link":"https:\/\/www.nordi.ee\/en\/toode\/soogilaud-musvin-hallmikristallist\/","title":{"rendered":"S\u00f6\u00f6gilaud MUSVIN, hallmikristallist"},"content":{"rendered":"<p>m\u00f5\u00f5tmed: 120-160\/120\/76 cm, pikendatav laud, materjal: keraamika \/ lakitud MDF \/ kroomitud teras \/ pol\u00fcprop\u00fcleen, v\u00e4rv: pind &#8211; hall marmor, jalad &#8211; heledat halli \/ kuldne<\/p>\n","protected":false},"excerpt":{"rendered":"<p>m\u00f5\u00f5tmed: 120-160\/120\/76 cm, pikendatav laud, materjal: keraamika \/ lakitud MDF \/ kroomitud teras \/ pol\u00fcprop\u00fcleen, v\u00e4rv: pind &#8211; hall marmor, jalad &#8211; heledat halli \/ kuldne<\/p>\n","protected":false},"featured_media":16054,"comment_status":"closed","ping_status":"open","template":"","meta":{"_gspb_post_css":""},"product_brand":[],"product_cat":[190,167],"product_tag":[],"class_list":{"0":"post-33005","1":"product","2":"type-product","3":"status-publish","4":"has-post-thumbnail","6":"product_cat-soogilauad","7":"product_cat-soogituba","8":"pa_jalgade-arv-494","9":"pa_korgus-406","10":"pa_laius-286","11":"pa_laua-suurus-8-person-5-person","12":"pa_laua-varvus-hall","13":"pa_laua-varvus-hall-marmor","14":"pa_laua-viimistlus-matt","15":"pa_lauaplaadi-kuju-ovaalne","16":"pa_lauaplaadi-kuju-ummargune","17":"pa_lauaplaadi-materjal-keraamika","18":"pa_lauaplaadi-materjal-lakitud-mdf","19":"pa_maximum-pikkus-4208","20":"pa_pakkide-arv-466","21":"pa_pikendatav-jah","22":"pa_raami-materjal-metall","23":"pa_raami-materjal-polupropuleen","24":"pa_raami-varv-hall","25":"pa_raami-varv-kuldne","26":"pa_stiil-glamuurne","27":"pa_stiil-kaasaegne","28":"pa_sugavus-1832","29":"pa_vahelaos-jah","30":"pa_varv-kuldne","31":"pa_varv-hall","33":"first","34":"instock","35":"sale","36":"purchasable","37":"product-type-simple"},"_links":{"self":[{"href":"https:\/\/www.nordi.ee\/en\/wp-json\/wp\/v2\/product\/33005","targetHints":{"allow":["GET"]}}],"collection":[{"href":"https:\/\/www.nordi.ee\/en\/wp-json\/wp\/v2\/product"}],"about":[{"href":"https:\/\/www.nordi.ee\/en\/wp-json\/wp\/v2\/types\/product"}],"replies":[{"embeddable":true,"href":"https:\/\/www.nordi.ee\/en\/wp-json\/wp\/v2\/comments?post=33005"}],"wp:featuredmedia":[{"embeddable":true,"href":"https:\/\/www.nordi.ee\/en\/wp-json\/wp\/v2\/media\/16054"}],"wp:attachment":[{"href":"https:\/\/www.nordi.ee\/en\/wp-json\/wp\/v2\/media?parent=33005"}],"wp:term":[{"taxonomy":"product_brand","embeddable":true,"href":"https:\/\/www.nordi.ee\/en\/wp-json\/wp\/v2\/product_brand?post=33005"},{"taxonomy":"product_cat","embeddable":true,"href":"https:\/\/www.nordi.ee\/en\/wp-json\/wp\/v2\/product_cat?post=33005"},{"taxonomy":"product_tag","embeddable":true,"href":"https:\/\/www.nordi.ee\/en\/wp-json\/wp\/v2\/product_tag?post=33005"}],"curies":[{"name":"wp","href":"https:\/\/api.w.org\/{rel}","templated":true}]}}