{"id":32991,"date":"2025-11-12T02:07:43","date_gmt":"2025-11-12T00:07:43","guid":{"rendered":"https:\/\/www.nordi.ee\/toode\/soogilaud-mozaro\/"},"modified":"2026-04-13T05:16:30","modified_gmt":"2026-04-13T02:16:30","slug":"soogilaud-mozaro","status":"publish","type":"product","link":"https:\/\/www.nordi.ee\/en\/toode\/soogilaud-mozaro\/","title":{"rendered":"S\u00f6\u00f6gilaud MOZARO"},"content":{"rendered":"<p>m\u00f5\u00f5tmed: 120\/75 cm, materjal: laminaat MDF \/ pulberkattega teras, v\u00e4rv: pind &#8211; kuldne tamm, jalad &#8211; must<\/p>\n","protected":false},"excerpt":{"rendered":"<p>m\u00f5\u00f5tmed: 120\/75 cm, materjal: laminaat MDF \/ pulberkattega teras, v\u00e4rv: pind &#8211; kuldne tamm, jalad &#8211; must<\/p>\n","protected":false},"featured_media":16050,"comment_status":"closed","ping_status":"open","template":"","meta":{"_gspb_post_css":""},"product_brand":[],"product_cat":[190,167],"product_tag":[],"class_list":{"0":"post-32991","1":"product","2":"type-product","3":"status-publish","4":"has-post-thumbnail","6":"product_cat-soogilauad","7":"product_cat-soogituba","8":"pa_jalgade-arv-289","9":"pa_korgus-287","10":"pa_laius-286","11":"pa_laua-suurus-5-person","12":"pa_laua-varvus-tamm","13":"pa_laua-viimistlus-matt","14":"pa_lauaplaadi-kuju-ummargune","15":"pa_lauaplaadi-materjal-lamiiniga-kaetud-mdf","16":"pa_pakkide-arv-295","17":"pa_pikendatav-ei","18":"pa_stiil-loft","19":"pa_stiil-moodne","20":"pa_sugavus-1832","21":"pa_vahelaos-jah","22":"pa_varv-must","23":"pa_varv-tamm","25":"first","26":"instock","27":"sale","28":"purchasable","29":"product-type-simple"},"_links":{"self":[{"href":"https:\/\/www.nordi.ee\/en\/wp-json\/wp\/v2\/product\/32991","targetHints":{"allow":["GET"]}}],"collection":[{"href":"https:\/\/www.nordi.ee\/en\/wp-json\/wp\/v2\/product"}],"about":[{"href":"https:\/\/www.nordi.ee\/en\/wp-json\/wp\/v2\/types\/product"}],"replies":[{"embeddable":true,"href":"https:\/\/www.nordi.ee\/en\/wp-json\/wp\/v2\/comments?post=32991"}],"wp:featuredmedia":[{"embeddable":true,"href":"https:\/\/www.nordi.ee\/en\/wp-json\/wp\/v2\/media\/16050"}],"wp:attachment":[{"href":"https:\/\/www.nordi.ee\/en\/wp-json\/wp\/v2\/media?parent=32991"}],"wp:term":[{"taxonomy":"product_brand","embeddable":true,"href":"https:\/\/www.nordi.ee\/en\/wp-json\/wp\/v2\/product_brand?post=32991"},{"taxonomy":"product_cat","embeddable":true,"href":"https:\/\/www.nordi.ee\/en\/wp-json\/wp\/v2\/product_cat?post=32991"},{"taxonomy":"product_tag","embeddable":true,"href":"https:\/\/www.nordi.ee\/en\/wp-json\/wp\/v2\/product_tag?post=32991"}],"curies":[{"name":"wp","href":"https:\/\/api.w.org\/{rel}","templated":true}]}}