{"id":32988,"date":"2025-11-12T02:06:32","date_gmt":"2025-11-12T00:06:32","guid":{"rendered":"https:\/\/www.nordi.ee\/toode\/aiatool-moslin-varv-hall\/"},"modified":"2026-04-13T05:16:28","modified_gmt":"2026-04-13T02:16:28","slug":"aiatool-moslin-varv-hall","status":"publish","type":"product","link":"https:\/\/www.nordi.ee\/en\/toode\/aiatool-moslin-varv-hall\/","title":{"rendered":"Aiatool MOSLIN, v\u00e4rv: hall"},"content":{"rendered":"<p>m\u00f5\u00f5tmed: 55\/72\/95\/40 cm, materjal: v\u00f5rkkangas \/ pulberkattega teras, v\u00e4rv: tumehall \/ hall<\/p>\n","protected":false},"excerpt":{"rendered":"<p>m\u00f5\u00f5tmed: 55\/72\/95\/40 cm, materjal: v\u00f5rkkangas \/ pulberkattega teras, v\u00e4rv: tumehall \/ hall<\/p>\n","protected":false},"featured_media":16044,"comment_status":"closed","ping_status":"closed","template":"","meta":{"_gspb_post_css":""},"product_brand":[],"product_cat":[208],"product_tag":[],"class_list":{"0":"post-32988","1":"product","2":"type-product","3":"status-publish","4":"has-post-thumbnail","6":"product_cat-aiamoobel","7":"pa_istmekorgus-616","8":"pa_kanga-tuup-vork","9":"pa_korgus-411","10":"pa_laius-278","11":"pa_pakkide-arv-226","12":"pa_raami-materjal-metall","13":"pa_raami-varv-hall","14":"pa_stiil-traditsiooniline","15":"pa_sugavus-539","16":"pa_tooli-materjal-vork","17":"pa_vahelaos-jah","18":"pa_varv-beez","19":"pa_varv-hall","21":"first","22":"instock","23":"sale","24":"purchasable","25":"product-type-simple"},"_links":{"self":[{"href":"https:\/\/www.nordi.ee\/en\/wp-json\/wp\/v2\/product\/32988","targetHints":{"allow":["GET"]}}],"collection":[{"href":"https:\/\/www.nordi.ee\/en\/wp-json\/wp\/v2\/product"}],"about":[{"href":"https:\/\/www.nordi.ee\/en\/wp-json\/wp\/v2\/types\/product"}],"replies":[{"embeddable":true,"href":"https:\/\/www.nordi.ee\/en\/wp-json\/wp\/v2\/comments?post=32988"}],"wp:featuredmedia":[{"embeddable":true,"href":"https:\/\/www.nordi.ee\/en\/wp-json\/wp\/v2\/media\/16044"}],"wp:attachment":[{"href":"https:\/\/www.nordi.ee\/en\/wp-json\/wp\/v2\/media?parent=32988"}],"wp:term":[{"taxonomy":"product_brand","embeddable":true,"href":"https:\/\/www.nordi.ee\/en\/wp-json\/wp\/v2\/product_brand?post=32988"},{"taxonomy":"product_cat","embeddable":true,"href":"https:\/\/www.nordi.ee\/en\/wp-json\/wp\/v2\/product_cat?post=32988"},{"taxonomy":"product_tag","embeddable":true,"href":"https:\/\/www.nordi.ee\/en\/wp-json\/wp\/v2\/product_tag?post=32988"}],"curies":[{"name":"wp","href":"https:\/\/api.w.org\/{rel}","templated":true}]}}