{"id":32978,"date":"2025-11-12T02:06:32","date_gmt":"2025-11-12T00:06:32","guid":{"rendered":"https:\/\/www.nordi.ee\/toode\/ummargune-soogilaud-morvin-naturaalne\/"},"modified":"2026-04-13T05:16:28","modified_gmt":"2026-04-13T02:16:28","slug":"ummargune-soogilaud-morvin-naturaalne","status":"publish","type":"product","link":"https:\/\/www.nordi.ee\/en\/toode\/ummargune-soogilaud-morvin-naturaalne\/","title":{"rendered":"\u00dcmmargune S\u00f6\u00f6gilaud MORVIN, naturaalne"},"content":{"rendered":"<p>m\u00f5\u00f5tmed: fi120\/75 cm, materjal: laminaat MDF &#8211; melamiin, v\u00e4rv: pinda &#8211; naturaalne, jalad &#8211; naturaalne<\/p>\n","protected":false},"excerpt":{"rendered":"<p>m\u00f5\u00f5tmed: fi120\/75 cm, materjal: laminaat MDF &#8211; melamiin, v\u00e4rv: pinda &#8211; naturaalne, jalad &#8211; naturaalne<\/p>\n","protected":false},"featured_media":16040,"comment_status":"closed","ping_status":"open","template":"","meta":{"_gspb_post_css":""},"product_brand":[],"product_cat":[190,167],"product_tag":[],"class_list":{"0":"post-32978","1":"product","2":"type-product","3":"status-publish","4":"has-post-thumbnail","6":"product_cat-soogilauad","7":"product_cat-soogituba","8":"pa_jalgade-arv-289","9":"pa_korgus-287","10":"pa_laius-286","11":"pa_laua-suurus-4-person","12":"pa_laua-varvus-helepruun","13":"pa_laua-varvus-puit","14":"pa_laua-viimistlus-matt","15":"pa_lauaplaadi-kuju-ummargune","16":"pa_lauaplaadi-materjal-lamiiniga-kaetud-mdf","17":"pa_pakkide-arv-226","18":"pa_pikendatav-ei","19":"pa_raami-materjal-mdf","20":"pa_stiil-moodne","21":"pa_stiil-skandinaavia","22":"pa_sugavus-1832","23":"pa_vahelaos-ei","24":"pa_varv-pruun","25":"pa_varv-puit","27":"first","28":"instock","29":"sale","30":"purchasable","31":"product-type-simple"},"_links":{"self":[{"href":"https:\/\/www.nordi.ee\/en\/wp-json\/wp\/v2\/product\/32978","targetHints":{"allow":["GET"]}}],"collection":[{"href":"https:\/\/www.nordi.ee\/en\/wp-json\/wp\/v2\/product"}],"about":[{"href":"https:\/\/www.nordi.ee\/en\/wp-json\/wp\/v2\/types\/product"}],"replies":[{"embeddable":true,"href":"https:\/\/www.nordi.ee\/en\/wp-json\/wp\/v2\/comments?post=32978"}],"wp:featuredmedia":[{"embeddable":true,"href":"https:\/\/www.nordi.ee\/en\/wp-json\/wp\/v2\/media\/16040"}],"wp:attachment":[{"href":"https:\/\/www.nordi.ee\/en\/wp-json\/wp\/v2\/media?parent=32978"}],"wp:term":[{"taxonomy":"product_brand","embeddable":true,"href":"https:\/\/www.nordi.ee\/en\/wp-json\/wp\/v2\/product_brand?post=32978"},{"taxonomy":"product_cat","embeddable":true,"href":"https:\/\/www.nordi.ee\/en\/wp-json\/wp\/v2\/product_cat?post=32978"},{"taxonomy":"product_tag","embeddable":true,"href":"https:\/\/www.nordi.ee\/en\/wp-json\/wp\/v2\/product_tag?post=32978"}],"curies":[{"name":"wp","href":"https:\/\/api.w.org\/{rel}","templated":true}]}}