{"id":32964,"date":"2025-11-12T02:06:32","date_gmt":"2025-11-12T00:06:32","guid":{"rendered":"https:\/\/www.nordi.ee\/toode\/pikendatav-soogilaud-morlon-varv-valge-tumehall\/"},"modified":"2026-04-13T05:16:28","modified_gmt":"2026-04-13T02:16:28","slug":"pikendatav-soogilaud-morlon-varv-valge-tumehall","status":"publish","type":"product","link":"https:\/\/www.nordi.ee\/en\/toode\/pikendatav-soogilaud-morlon-varv-valge-tumehall\/","title":{"rendered":"Pikendatav S\u00f6\u00f6gilaud MORLON, v\u00e4rv: valge \/ tumehall"},"content":{"rendered":"<p>laienduslau tabel, m\u00f5\u00f5tmed: 160-200\/90\/76 cm, materjal: lakitud MDF \/ laminaat MDF, v\u00e4rv: valge \/ tumehall<\/p>\n","protected":false},"excerpt":{"rendered":"<p>laienduslau tabel, m\u00f5\u00f5tmed: 160-200\/90\/76 cm, materjal: lakitud MDF \/ laminaat MDF, v\u00e4rv: valge \/ tumehall<\/p>\n","protected":false},"featured_media":16036,"comment_status":"closed","ping_status":"open","template":"","meta":{"_gspb_post_css":""},"product_brand":[],"product_cat":[190,167],"product_tag":[],"class_list":{"0":"post-32964","1":"product","2":"type-product","3":"status-publish","4":"has-post-thumbnail","6":"product_cat-soogilauad","7":"product_cat-soogituba","8":"pa_vahelaos-ei","10":"first","11":"instock","12":"sale","13":"purchasable","14":"product-type-simple"},"_links":{"self":[{"href":"https:\/\/www.nordi.ee\/en\/wp-json\/wp\/v2\/product\/32964","targetHints":{"allow":["GET"]}}],"collection":[{"href":"https:\/\/www.nordi.ee\/en\/wp-json\/wp\/v2\/product"}],"about":[{"href":"https:\/\/www.nordi.ee\/en\/wp-json\/wp\/v2\/types\/product"}],"replies":[{"embeddable":true,"href":"https:\/\/www.nordi.ee\/en\/wp-json\/wp\/v2\/comments?post=32964"}],"wp:featuredmedia":[{"embeddable":true,"href":"https:\/\/www.nordi.ee\/en\/wp-json\/wp\/v2\/media\/16036"}],"wp:attachment":[{"href":"https:\/\/www.nordi.ee\/en\/wp-json\/wp\/v2\/media?parent=32964"}],"wp:term":[{"taxonomy":"product_brand","embeddable":true,"href":"https:\/\/www.nordi.ee\/en\/wp-json\/wp\/v2\/product_brand?post=32964"},{"taxonomy":"product_cat","embeddable":true,"href":"https:\/\/www.nordi.ee\/en\/wp-json\/wp\/v2\/product_cat?post=32964"},{"taxonomy":"product_tag","embeddable":true,"href":"https:\/\/www.nordi.ee\/en\/wp-json\/wp\/v2\/product_tag?post=32964"}],"curies":[{"name":"wp","href":"https:\/\/api.w.org\/{rel}","templated":true}]}}