{"id":32942,"date":"2025-11-12T02:03:27","date_gmt":"2025-11-12T00:03:27","guid":{"rendered":"https:\/\/www.nordi.ee\/toode\/soogilaud-moreno\/"},"modified":"2026-04-13T05:16:27","modified_gmt":"2026-04-13T02:16:27","slug":"soogilaud-moreno","status":"publish","type":"product","link":"https:\/\/www.nordi.ee\/en\/toode\/soogilaud-moreno\/","title":{"rendered":"S\u00f6\u00f6gilaud MORENO"},"content":{"rendered":"<p>m\u00f5\u00f5tmed: 118\u00f7148\/118\/76 cm, pikendatav laud, materjal: flokkilamine MDF \/ lakitud MDF \/ pulberkattega teras, v\u00e4rv: pind &#8211; kuldne tamm \/ hall, jalad &#8211; antriit<\/p>\n","protected":false},"excerpt":{"rendered":"<p>m\u00f5\u00f5tmed: 118\u00f7148\/118\/76 cm, pikendatav laud, materjal: flokkilamine MDF \/ lakitud MDF \/ pulberkattega teras, v\u00e4rv: pind &#8211; kuldne tamm \/ hall, jalad &#8211; antriit<\/p>\n","protected":false},"featured_media":16028,"comment_status":"closed","ping_status":"open","template":"","meta":{"_gspb_post_css":""},"product_brand":[],"product_cat":[190,167],"product_tag":[],"class_list":{"0":"post-32942","1":"product","2":"type-product","3":"status-publish","4":"has-post-thumbnail","6":"product_cat-soogilauad","7":"product_cat-soogituba","8":"pa_jalgade-arv-289","9":"pa_korgus-406","10":"pa_laius-1869","11":"pa_laua-suurus-5-person-8-person","12":"pa_laua-varvus-tamm","13":"pa_laua-viimistlus-matt","14":"pa_lauaplaadi-kuju-ummargune","15":"pa_lauaplaadi-materjal-lamineeritud-mdf","16":"pa_maximum-pikkus-4221","17":"pa_pakkide-arv-295","18":"pa_pikendatav-jah","19":"pa_raami-materjal-metall","20":"pa_stiil-loft","21":"pa_stiil-moodne","22":"pa_sugavus-4135","23":"pa_vahelaos-jah","24":"pa_varv-hall","25":"pa_varv-tamm","27":"first","28":"instock","29":"sale","30":"purchasable","31":"product-type-simple"},"_links":{"self":[{"href":"https:\/\/www.nordi.ee\/en\/wp-json\/wp\/v2\/product\/32942","targetHints":{"allow":["GET"]}}],"collection":[{"href":"https:\/\/www.nordi.ee\/en\/wp-json\/wp\/v2\/product"}],"about":[{"href":"https:\/\/www.nordi.ee\/en\/wp-json\/wp\/v2\/types\/product"}],"replies":[{"embeddable":true,"href":"https:\/\/www.nordi.ee\/en\/wp-json\/wp\/v2\/comments?post=32942"}],"wp:featuredmedia":[{"embeddable":true,"href":"https:\/\/www.nordi.ee\/en\/wp-json\/wp\/v2\/media\/16028"}],"wp:attachment":[{"href":"https:\/\/www.nordi.ee\/en\/wp-json\/wp\/v2\/media?parent=32942"}],"wp:term":[{"taxonomy":"product_brand","embeddable":true,"href":"https:\/\/www.nordi.ee\/en\/wp-json\/wp\/v2\/product_brand?post=32942"},{"taxonomy":"product_cat","embeddable":true,"href":"https:\/\/www.nordi.ee\/en\/wp-json\/wp\/v2\/product_cat?post=32942"},{"taxonomy":"product_tag","embeddable":true,"href":"https:\/\/www.nordi.ee\/en\/wp-json\/wp\/v2\/product_tag?post=32942"}],"curies":[{"name":"wp","href":"https:\/\/api.w.org\/{rel}","templated":true}]}}