{"id":32926,"date":"2025-11-12T02:03:27","date_gmt":"2025-11-12T00:03:27","guid":{"rendered":"https:\/\/www.nordi.ee\/toode\/ummargune-soogilaud-morlin-valge-marmor-must-kuldne\/"},"modified":"2026-04-13T05:16:25","modified_gmt":"2026-04-13T02:16:25","slug":"ummargune-soogilaud-morlin-valge-marmor-must-kuldne","status":"publish","type":"product","link":"https:\/\/www.nordi.ee\/en\/toode\/ummargune-soogilaud-morlin-valge-marmor-must-kuldne\/","title":{"rendered":"\u00dcmmargune S\u00f6\u00f6gilaud MORLIN, valge marmor \/ must \/ kuldne"},"content":{"rendered":"<p>m\u00f5\u00f5tmed: fi79\/74 cm, materjal: vineeritud MDF \/ pulberv\u00e4rvitud teras \/ roostevaba teras, v\u00e4rv: peal &#8211; valge marmor, jalad &#8211; must \/ kuld<\/p>\n","protected":false},"excerpt":{"rendered":"<p>m\u00f5\u00f5tmed: fi79\/74 cm, materjal: vineeritud MDF \/ pulberv\u00e4rvitud teras \/ roostevaba teras, v\u00e4rv: peal &#8211; valge marmor, jalad &#8211; must \/ kuld<\/p>\n","protected":false},"featured_media":16020,"comment_status":"closed","ping_status":"open","template":"","meta":{"_gspb_post_css":""},"product_brand":[],"product_cat":[190,167],"product_tag":[],"class_list":{"0":"post-32926","1":"product","2":"type-product","3":"status-publish","4":"has-post-thumbnail","6":"product_cat-soogilauad","7":"product_cat-soogituba","8":"pa_jalgade-arv-494","9":"pa_korgus-677","10":"pa_laius-1501","11":"pa_laua-suurus-3-person","12":"pa_laua-varvus-valge-marmor","13":"pa_laua-viimistlus-laikiv","14":"pa_lauaplaadi-kuju-ummargune","15":"pa_lauaplaadi-materjal-lamiiniga-kaetud-mdf","16":"pa_pakkide-arv-466","17":"pa_pikendatav-ei","18":"pa_raami-materjal-metall","19":"pa_stiil-glamuurne","20":"pa_stiil-kaasaegne","21":"pa_sugavus-955","22":"pa_vahelaos-jah","23":"pa_varv-marmor","25":"first","26":"instock","27":"sale","28":"purchasable","29":"product-type-simple"},"_links":{"self":[{"href":"https:\/\/www.nordi.ee\/en\/wp-json\/wp\/v2\/product\/32926","targetHints":{"allow":["GET"]}}],"collection":[{"href":"https:\/\/www.nordi.ee\/en\/wp-json\/wp\/v2\/product"}],"about":[{"href":"https:\/\/www.nordi.ee\/en\/wp-json\/wp\/v2\/types\/product"}],"replies":[{"embeddable":true,"href":"https:\/\/www.nordi.ee\/en\/wp-json\/wp\/v2\/comments?post=32926"}],"wp:featuredmedia":[{"embeddable":true,"href":"https:\/\/www.nordi.ee\/en\/wp-json\/wp\/v2\/media\/16020"}],"wp:attachment":[{"href":"https:\/\/www.nordi.ee\/en\/wp-json\/wp\/v2\/media?parent=32926"}],"wp:term":[{"taxonomy":"product_brand","embeddable":true,"href":"https:\/\/www.nordi.ee\/en\/wp-json\/wp\/v2\/product_brand?post=32926"},{"taxonomy":"product_cat","embeddable":true,"href":"https:\/\/www.nordi.ee\/en\/wp-json\/wp\/v2\/product_cat?post=32926"},{"taxonomy":"product_tag","embeddable":true,"href":"https:\/\/www.nordi.ee\/en\/wp-json\/wp\/v2\/product_tag?post=32926"}],"curies":[{"name":"wp","href":"https:\/\/api.w.org\/{rel}","templated":true}]}}