{"id":32903,"date":"2025-11-12T02:01:54","date_gmt":"2025-11-12T00:01:54","guid":{"rendered":"https:\/\/www.nordi.ee\/toode\/tumba-komplekt-montel-varv-tumesinine\/"},"modified":"2026-04-13T05:16:23","modified_gmt":"2026-04-13T02:16:23","slug":"tumba-komplekt-montel-varv-tumesinine","status":"publish","type":"product","link":"https:\/\/www.nordi.ee\/en\/toode\/tumba-komplekt-montel-varv-tumesinine\/","title":{"rendered":"Tumba komplekt MONTEL, v\u00e4rv: tumesinine"},"content":{"rendered":"<p>m\u00f5\u00f5dud: 36\/44 ja 31\/38 cm, komplekt kahest, materjal: kangas \/ kroomteras, v\u00e4rv: tume sinine \/ kuldne<\/p>\n","protected":false},"excerpt":{"rendered":"<p>m\u00f5\u00f5dud: 36\/44 ja 31\/38 cm, komplekt kahest, materjal: kangas \/ kroomteras, v\u00e4rv: tume sinine \/ kuldne<\/p>\n","protected":false},"featured_media":16008,"comment_status":"closed","ping_status":"open","template":"","meta":{"_gspb_post_css":""},"product_brand":[],"product_cat":[4064],"product_tag":[],"class_list":{"0":"post-32903","1":"product","2":"type-product","3":"status-publish","4":"has-post-thumbnail","6":"product_cat-tumbad","7":"pa_istmekorgus-1772","8":"pa_jalgade-raami-materjal-metall","9":"pa_jalgade-raami-varv-kuldne","10":"pa_kanga-tuup-kangas","11":"pa_kanga-varv-tumesinine","12":"pa_korgus-536","13":"pa_laius-219","14":"pa_lisafunktsioonid-pesukast","15":"pa_pakkide-arv-226","16":"pa_stiil-glamuurne","17":"pa_sugavus-1377","18":"pa_vahelaos-jah","19":"pa_varv-kuldne","21":"first","22":"instock","23":"sale","24":"purchasable","25":"product-type-simple"},"_links":{"self":[{"href":"https:\/\/www.nordi.ee\/en\/wp-json\/wp\/v2\/product\/32903","targetHints":{"allow":["GET"]}}],"collection":[{"href":"https:\/\/www.nordi.ee\/en\/wp-json\/wp\/v2\/product"}],"about":[{"href":"https:\/\/www.nordi.ee\/en\/wp-json\/wp\/v2\/types\/product"}],"replies":[{"embeddable":true,"href":"https:\/\/www.nordi.ee\/en\/wp-json\/wp\/v2\/comments?post=32903"}],"wp:featuredmedia":[{"embeddable":true,"href":"https:\/\/www.nordi.ee\/en\/wp-json\/wp\/v2\/media\/16008"}],"wp:attachment":[{"href":"https:\/\/www.nordi.ee\/en\/wp-json\/wp\/v2\/media?parent=32903"}],"wp:term":[{"taxonomy":"product_brand","embeddable":true,"href":"https:\/\/www.nordi.ee\/en\/wp-json\/wp\/v2\/product_brand?post=32903"},{"taxonomy":"product_cat","embeddable":true,"href":"https:\/\/www.nordi.ee\/en\/wp-json\/wp\/v2\/product_cat?post=32903"},{"taxonomy":"product_tag","embeddable":true,"href":"https:\/\/www.nordi.ee\/en\/wp-json\/wp\/v2\/product_tag?post=32903"}],"curies":[{"name":"wp","href":"https:\/\/api.w.org\/{rel}","templated":true}]}}