{"id":32882,"date":"2025-11-12T02:01:09","date_gmt":"2025-11-12T00:01:09","guid":{"rendered":"https:\/\/www.nordi.ee\/toode\/soogilaud-monter\/"},"modified":"2026-04-13T05:16:21","modified_gmt":"2026-04-13T02:16:21","slug":"soogilaud-monter","status":"publish","type":"product","link":"https:\/\/www.nordi.ee\/en\/toode\/soogilaud-monter\/","title":{"rendered":"S\u00f6\u00f6gilaud MONTER"},"content":{"rendered":"<p>pikendatav laud, m\u00f5\u00f5dud: 160-220\/90\/76 cm, materjal: lakkitud MDF \/ laminaat MDF \/ roostevaba teras, v\u00e4rv: valge \/ hall<\/p>\n","protected":false},"excerpt":{"rendered":"<p>pikendatav laud, m\u00f5\u00f5dud: 160-220\/90\/76 cm, materjal: lakkitud MDF \/ laminaat MDF \/ roostevaba teras, v\u00e4rv: valge \/ hall<\/p>\n","protected":false},"featured_media":15992,"comment_status":"closed","ping_status":"open","template":"","meta":{"_gspb_post_css":""},"product_brand":[],"product_cat":[190,167],"product_tag":[],"class_list":{"0":"post-32882","1":"product","2":"type-product","3":"status-publish","4":"has-post-thumbnail","6":"product_cat-soogilauad","7":"product_cat-soogituba","8":"pa_jalgade-arv-494","9":"pa_korgus-406","10":"pa_laius-349","11":"pa_laua-suurus-6-person-8-person","12":"pa_laua-varvus-valge","13":"pa_laua-viimistlus-laikiv","14":"pa_lauaplaadi-kuju-ristkulikukujuline","15":"pa_lauaplaadi-materjal-lakitud-mdf","16":"pa_lauaplaadi-materjal-lamineeritud-mdf","17":"pa_maximum-pikkus-4212","18":"pa_pakkide-arv-295","19":"pa_pikendatav-jah","20":"pa_stiil-glamuurne","21":"pa_stiil-kaasaegne","22":"pa_sugavus-4084","23":"pa_vahelaos-jah","24":"pa_varv-hall","25":"pa_varv-valge","27":"first","28":"instock","29":"sale","30":"purchasable","31":"product-type-simple"},"_links":{"self":[{"href":"https:\/\/www.nordi.ee\/en\/wp-json\/wp\/v2\/product\/32882","targetHints":{"allow":["GET"]}}],"collection":[{"href":"https:\/\/www.nordi.ee\/en\/wp-json\/wp\/v2\/product"}],"about":[{"href":"https:\/\/www.nordi.ee\/en\/wp-json\/wp\/v2\/types\/product"}],"replies":[{"embeddable":true,"href":"https:\/\/www.nordi.ee\/en\/wp-json\/wp\/v2\/comments?post=32882"}],"wp:featuredmedia":[{"embeddable":true,"href":"https:\/\/www.nordi.ee\/en\/wp-json\/wp\/v2\/media\/15992"}],"wp:attachment":[{"href":"https:\/\/www.nordi.ee\/en\/wp-json\/wp\/v2\/media?parent=32882"}],"wp:term":[{"taxonomy":"product_brand","embeddable":true,"href":"https:\/\/www.nordi.ee\/en\/wp-json\/wp\/v2\/product_brand?post=32882"},{"taxonomy":"product_cat","embeddable":true,"href":"https:\/\/www.nordi.ee\/en\/wp-json\/wp\/v2\/product_cat?post=32882"},{"taxonomy":"product_tag","embeddable":true,"href":"https:\/\/www.nordi.ee\/en\/wp-json\/wp\/v2\/product_tag?post=32882"}],"curies":[{"name":"wp","href":"https:\/\/api.w.org\/{rel}","templated":true}]}}