{"id":32845,"date":"2025-11-12T01:58:58","date_gmt":"2025-11-11T23:58:58","guid":{"rendered":"https:\/\/www.nordi.ee\/toode\/soogilaud-mobren\/"},"modified":"2026-04-13T05:16:13","modified_gmt":"2026-04-13T02:16:13","slug":"soogilaud-mobren","status":"publish","type":"product","link":"https:\/\/www.nordi.ee\/en\/toode\/soogilaud-mobren\/","title":{"rendered":"S\u00f6\u00f6gilaud MOBREN"},"content":{"rendered":"<p>m\u00f5\u00f5tmed: 70\/70\/74 cm, materjal: klaas \/ s\u00fcnteetiline rattan, v\u00e4rv: tumepruun \/ must<\/p>\n","protected":false},"excerpt":{"rendered":"<p>m\u00f5\u00f5tmed: 70\/70\/74 cm, materjal: klaas \/ s\u00fcnteetiline rattan, v\u00e4rv: tumepruun \/ must<\/p>\n","protected":false},"featured_media":15970,"comment_status":"closed","ping_status":"closed","template":"","meta":{"_gspb_post_css":""},"product_brand":[],"product_cat":[208],"product_tag":[],"class_list":{"0":"post-32845","1":"product","2":"type-product","3":"status-publish","4":"has-post-thumbnail","6":"product_cat-aiamoobel","7":"pa_korgus-677","8":"pa_laius-427","9":"pa_laua-suurus-4-person","10":"pa_pakkide-arv-226","11":"pa_raami-materjal-metall","12":"pa_raami-varv-pruun","13":"pa_stiil-traditsiooniline","14":"pa_sugavus-268","15":"pa_tooli-materjal-rotang","16":"pa_vahelaos-jah","17":"pa_varv-pruun","19":"first","20":"instock","21":"sale","22":"purchasable","23":"product-type-simple"},"_links":{"self":[{"href":"https:\/\/www.nordi.ee\/en\/wp-json\/wp\/v2\/product\/32845","targetHints":{"allow":["GET"]}}],"collection":[{"href":"https:\/\/www.nordi.ee\/en\/wp-json\/wp\/v2\/product"}],"about":[{"href":"https:\/\/www.nordi.ee\/en\/wp-json\/wp\/v2\/types\/product"}],"replies":[{"embeddable":true,"href":"https:\/\/www.nordi.ee\/en\/wp-json\/wp\/v2\/comments?post=32845"}],"wp:featuredmedia":[{"embeddable":true,"href":"https:\/\/www.nordi.ee\/en\/wp-json\/wp\/v2\/media\/15970"}],"wp:attachment":[{"href":"https:\/\/www.nordi.ee\/en\/wp-json\/wp\/v2\/media?parent=32845"}],"wp:term":[{"taxonomy":"product_brand","embeddable":true,"href":"https:\/\/www.nordi.ee\/en\/wp-json\/wp\/v2\/product_brand?post=32845"},{"taxonomy":"product_cat","embeddable":true,"href":"https:\/\/www.nordi.ee\/en\/wp-json\/wp\/v2\/product_cat?post=32845"},{"taxonomy":"product_tag","embeddable":true,"href":"https:\/\/www.nordi.ee\/en\/wp-json\/wp\/v2\/product_tag?post=32845"}],"curies":[{"name":"wp","href":"https:\/\/api.w.org\/{rel}","templated":true}]}}