{"id":32811,"date":"2025-11-12T01:55:52","date_gmt":"2025-11-11T23:55:52","guid":{"rendered":"https:\/\/www.nordi.ee\/toode\/tumba-mintra-varv-hall\/"},"modified":"2026-04-13T05:16:08","modified_gmt":"2026-04-13T02:16:08","slug":"tumba-mintra-varv-hall","status":"publish","type":"product","link":"https:\/\/www.nordi.ee\/en\/toode\/tumba-mintra-varv-hall\/","title":{"rendered":"Tumba MINTRA, v\u00e4rv: hall"},"content":{"rendered":"<p>m\u00f5\u00f5tmed: 37\/41 cm, materjal: riie \/ kroomteras, v\u00e4rv: hall \/ kuldne<\/p>\n","protected":false},"excerpt":{"rendered":"<p>m\u00f5\u00f5tmed: 37\/41 cm, materjal: riie \/ kroomteras, v\u00e4rv: hall \/ kuldne<\/p>\n","protected":false},"featured_media":15945,"comment_status":"closed","ping_status":"open","template":"","meta":{"_gspb_post_css":""},"product_brand":[],"product_cat":[4064],"product_tag":[],"class_list":{"0":"post-32811","1":"product","2":"type-product","3":"status-publish","4":"has-post-thumbnail","6":"product_cat-tumbad","7":"pa_istmekorgus-620","8":"pa_jalgade-raami-materjal-metall","9":"pa_jalgade-raami-varv-kuldne","10":"pa_kanga-tuup-kangas","11":"pa_kanga-varv-hall","12":"pa_korgus-538","13":"pa_laius-1220","14":"pa_lisafunktsioonid-pesukast","15":"pa_pakkide-arv-226","16":"pa_stiil-glamuurne","17":"pa_stiil-kaasaegne","18":"pa_sugavus-1037","19":"pa_vahelaos-ei","20":"pa_varv-kuldne","22":"first","23":"instock","24":"sale","25":"purchasable","26":"product-type-simple"},"_links":{"self":[{"href":"https:\/\/www.nordi.ee\/en\/wp-json\/wp\/v2\/product\/32811","targetHints":{"allow":["GET"]}}],"collection":[{"href":"https:\/\/www.nordi.ee\/en\/wp-json\/wp\/v2\/product"}],"about":[{"href":"https:\/\/www.nordi.ee\/en\/wp-json\/wp\/v2\/types\/product"}],"replies":[{"embeddable":true,"href":"https:\/\/www.nordi.ee\/en\/wp-json\/wp\/v2\/comments?post=32811"}],"wp:featuredmedia":[{"embeddable":true,"href":"https:\/\/www.nordi.ee\/en\/wp-json\/wp\/v2\/media\/15945"}],"wp:attachment":[{"href":"https:\/\/www.nordi.ee\/en\/wp-json\/wp\/v2\/media?parent=32811"}],"wp:term":[{"taxonomy":"product_brand","embeddable":true,"href":"https:\/\/www.nordi.ee\/en\/wp-json\/wp\/v2\/product_brand?post=32811"},{"taxonomy":"product_cat","embeddable":true,"href":"https:\/\/www.nordi.ee\/en\/wp-json\/wp\/v2\/product_cat?post=32811"},{"taxonomy":"product_tag","embeddable":true,"href":"https:\/\/www.nordi.ee\/en\/wp-json\/wp\/v2\/product_tag?post=32811"}],"curies":[{"name":"wp","href":"https:\/\/api.w.org\/{rel}","templated":true}]}}