{"id":32772,"date":"2025-11-12T01:55:52","date_gmt":"2025-11-11T23:55:52","guid":{"rendered":"https:\/\/www.nordi.ee\/toode\/soogilaud-migran-pahklipuidust-pahklipuu\/"},"modified":"2026-04-13T05:16:06","modified_gmt":"2026-04-13T02:16:06","slug":"soogilaud-migran-pahklipuidust-pahklipuu","status":"publish","type":"product","link":"https:\/\/www.nordi.ee\/en\/toode\/soogilaud-migran-pahklipuidust-pahklipuu\/","title":{"rendered":"S\u00f6\u00f6gilaud MIGRAN, p\u00e4hklipuidust \/ p\u00e4hklipuu"},"content":{"rendered":"<p>m\u00f5\u00f5dud: 160\/90\/75\/131 cm; materjal: MDF + naturaalne viimistlus \/ t\u00e4ispuit kummipuust, v\u00e4rv: pealne &#8211; p\u00e4hkel, jalad &#8211; p\u00e4hkel<\/p>\n","protected":false},"excerpt":{"rendered":"<p>m\u00f5\u00f5dud: 160\/90\/75\/131 cm; materjal: MDF + naturaalne viimistlus \/ t\u00e4ispuit kummipuust, v\u00e4rv: pealne &#8211; p\u00e4hkel, jalad &#8211; p\u00e4hkel<\/p>\n","protected":false},"featured_media":15929,"comment_status":"closed","ping_status":"open","template":"","meta":{"_gspb_post_css":""},"product_brand":[],"product_cat":[190,167],"product_tag":[],"class_list":{"0":"post-32772","1":"product","2":"type-product","3":"status-publish","4":"has-post-thumbnail","6":"product_cat-soogilauad","7":"product_cat-soogituba","8":"pa_jalgade-arv-289","9":"pa_korgus-287","10":"pa_laius-349","11":"pa_laua-suurus-6-person","12":"pa_laua-varvus-pahkel","13":"pa_laua-viimistlus-matt","14":"pa_lauaplaadi-kuju-ristkulikukujuline","15":"pa_lauaplaadi-materjal-spoon","16":"pa_pakkide-arv-226","17":"pa_pikendatav-ei","18":"pa_raami-materjal-puit","19":"pa_stiil-klassikaline","20":"pa_stiil-modernne","21":"pa_sugavus-4084","22":"pa_vahelaos-jah","23":"pa_varv-pahkel","25":"first","26":"instock","27":"sale","28":"purchasable","29":"product-type-simple"},"_links":{"self":[{"href":"https:\/\/www.nordi.ee\/en\/wp-json\/wp\/v2\/product\/32772","targetHints":{"allow":["GET"]}}],"collection":[{"href":"https:\/\/www.nordi.ee\/en\/wp-json\/wp\/v2\/product"}],"about":[{"href":"https:\/\/www.nordi.ee\/en\/wp-json\/wp\/v2\/types\/product"}],"replies":[{"embeddable":true,"href":"https:\/\/www.nordi.ee\/en\/wp-json\/wp\/v2\/comments?post=32772"}],"wp:featuredmedia":[{"embeddable":true,"href":"https:\/\/www.nordi.ee\/en\/wp-json\/wp\/v2\/media\/15929"}],"wp:attachment":[{"href":"https:\/\/www.nordi.ee\/en\/wp-json\/wp\/v2\/media?parent=32772"}],"wp:term":[{"taxonomy":"product_brand","embeddable":true,"href":"https:\/\/www.nordi.ee\/en\/wp-json\/wp\/v2\/product_brand?post=32772"},{"taxonomy":"product_cat","embeddable":true,"href":"https:\/\/www.nordi.ee\/en\/wp-json\/wp\/v2\/product_cat?post=32772"},{"taxonomy":"product_tag","embeddable":true,"href":"https:\/\/www.nordi.ee\/en\/wp-json\/wp\/v2\/product_tag?post=32772"}],"curies":[{"name":"wp","href":"https:\/\/api.w.org\/{rel}","templated":true}]}}