{"id":32771,"date":"2025-11-12T01:55:30","date_gmt":"2025-11-11T23:55:30","guid":{"rendered":"https:\/\/www.nordi.ee\/toode\/soogilaud-midron-varv-tumepruun\/"},"modified":"2026-04-13T05:16:06","modified_gmt":"2026-04-13T02:16:06","slug":"soogilaud-midron-varv-tumepruun","status":"publish","type":"product","link":"https:\/\/www.nordi.ee\/en\/toode\/soogilaud-midron-varv-tumepruun\/","title":{"rendered":"S\u00f6\u00f6gilaud MIDRON, v\u00e4rv: tumepruun"},"content":{"rendered":"<p>m\u00f5\u00f5dud: fi 74\/74 cm, materjal: klaas \/ s\u00fcnteetiline rattan, v\u00e4rv: tumepruun<\/p>\n","protected":false},"excerpt":{"rendered":"<p>m\u00f5\u00f5dud: fi 74\/74 cm, materjal: klaas \/ s\u00fcnteetiline rattan, v\u00e4rv: tumepruun<\/p>\n","protected":false},"featured_media":15927,"comment_status":"closed","ping_status":"closed","template":"","meta":{"_gspb_post_css":""},"product_brand":[],"product_cat":[208],"product_tag":[],"class_list":{"0":"post-32771","1":"product","2":"type-product","3":"status-publish","4":"has-post-thumbnail","6":"product_cat-aiamoobel","7":"pa_laius-765","8":"pa_laua-suurus-4-person","9":"pa_pakkide-arv-295","10":"pa_raami-materjal-metall","11":"pa_raami-varv-pruun","12":"pa_stiil-traditsiooniline","13":"pa_sugavus-1014","14":"pa_tooli-materjal-rotang","15":"pa_vahelaos-jah","16":"pa_varv-pruun","18":"first","19":"instock","20":"sale","21":"purchasable","22":"product-type-simple"},"_links":{"self":[{"href":"https:\/\/www.nordi.ee\/en\/wp-json\/wp\/v2\/product\/32771","targetHints":{"allow":["GET"]}}],"collection":[{"href":"https:\/\/www.nordi.ee\/en\/wp-json\/wp\/v2\/product"}],"about":[{"href":"https:\/\/www.nordi.ee\/en\/wp-json\/wp\/v2\/types\/product"}],"replies":[{"embeddable":true,"href":"https:\/\/www.nordi.ee\/en\/wp-json\/wp\/v2\/comments?post=32771"}],"wp:featuredmedia":[{"embeddable":true,"href":"https:\/\/www.nordi.ee\/en\/wp-json\/wp\/v2\/media\/15927"}],"wp:attachment":[{"href":"https:\/\/www.nordi.ee\/en\/wp-json\/wp\/v2\/media?parent=32771"}],"wp:term":[{"taxonomy":"product_brand","embeddable":true,"href":"https:\/\/www.nordi.ee\/en\/wp-json\/wp\/v2\/product_brand?post=32771"},{"taxonomy":"product_cat","embeddable":true,"href":"https:\/\/www.nordi.ee\/en\/wp-json\/wp\/v2\/product_cat?post=32771"},{"taxonomy":"product_tag","embeddable":true,"href":"https:\/\/www.nordi.ee\/en\/wp-json\/wp\/v2\/product_tag?post=32771"}],"curies":[{"name":"wp","href":"https:\/\/api.w.org\/{rel}","templated":true}]}}