{"id":32770,"date":"2025-11-12T01:55:30","date_gmt":"2025-11-11T23:55:30","guid":{"rendered":"https:\/\/www.nordi.ee\/toode\/tool-midron-varv-tumepruun\/"},"modified":"2026-04-13T05:16:05","modified_gmt":"2026-04-13T02:16:05","slug":"tool-midron-varv-tumepruun","status":"publish","type":"product","link":"https:\/\/www.nordi.ee\/en\/toode\/tool-midron-varv-tumepruun\/","title":{"rendered":"Tool MIDRON, v\u00e4rv: tumepruun"},"content":{"rendered":"<p>m\u00f5\u00f5dud: 57\/57\/78 cm, materjal: s\u00fcnteetiline rattan \/ teras, v\u00e4rv: tumepruun<\/p>\n","protected":false},"excerpt":{"rendered":"<p>m\u00f5\u00f5dud: 57\/57\/78 cm, materjal: s\u00fcnteetiline rattan \/ teras, v\u00e4rv: tumepruun<\/p>\n","protected":false},"featured_media":15925,"comment_status":"closed","ping_status":"closed","template":"","meta":{"_gspb_post_css":""},"product_brand":[],"product_cat":[208],"product_tag":[],"class_list":{"0":"post-32770","1":"product","2":"type-product","3":"status-publish","4":"has-post-thumbnail","6":"product_cat-aiamoobel","7":"pa_kanga-tuup-istmel-kangast-ei-ole","8":"pa_korgus-766","9":"pa_laius-431","10":"pa_pakkide-arv-226","11":"pa_raami-materjal-metall","12":"pa_raami-varv-pruun","13":"pa_stiil-traditsiooniline","14":"pa_sugavus-604","15":"pa_tooli-materjal-rotang","16":"pa_vahelaos-jah","17":"pa_varv-pruun","19":"first","20":"instock","21":"sale","22":"purchasable","23":"product-type-simple"},"_links":{"self":[{"href":"https:\/\/www.nordi.ee\/en\/wp-json\/wp\/v2\/product\/32770","targetHints":{"allow":["GET"]}}],"collection":[{"href":"https:\/\/www.nordi.ee\/en\/wp-json\/wp\/v2\/product"}],"about":[{"href":"https:\/\/www.nordi.ee\/en\/wp-json\/wp\/v2\/types\/product"}],"replies":[{"embeddable":true,"href":"https:\/\/www.nordi.ee\/en\/wp-json\/wp\/v2\/comments?post=32770"}],"wp:featuredmedia":[{"embeddable":true,"href":"https:\/\/www.nordi.ee\/en\/wp-json\/wp\/v2\/media\/15925"}],"wp:attachment":[{"href":"https:\/\/www.nordi.ee\/en\/wp-json\/wp\/v2\/media?parent=32770"}],"wp:term":[{"taxonomy":"product_brand","embeddable":true,"href":"https:\/\/www.nordi.ee\/en\/wp-json\/wp\/v2\/product_brand?post=32770"},{"taxonomy":"product_cat","embeddable":true,"href":"https:\/\/www.nordi.ee\/en\/wp-json\/wp\/v2\/product_cat?post=32770"},{"taxonomy":"product_tag","embeddable":true,"href":"https:\/\/www.nordi.ee\/en\/wp-json\/wp\/v2\/product_tag?post=32770"}],"curies":[{"name":"wp","href":"https:\/\/api.w.org\/{rel}","templated":true}]}}