{"id":32735,"date":"2025-11-12T01:53:46","date_gmt":"2025-11-11T23:53:46","guid":{"rendered":"https:\/\/www.nordi.ee\/toode\/poordtool-merrin-2-kreemjas\/"},"modified":"2026-04-15T05:09:41","modified_gmt":"2026-04-15T02:09:41","slug":"poorlev-tugitool-merrin-2-kreemjas","status":"publish","type":"product","link":"https:\/\/www.nordi.ee\/en\/toode\/poorlev-tugitool-merrin-2-kreemjas\/","title":{"rendered":"P\u00f6\u00f6rlev tugitool MERRIN 2, kreemjas"},"content":{"rendered":"<p>m\u00f5\u00f5tmed: 78\/82\/100\/44 cm, p\u00f6\u00f6rlev funktsioon, materjal: kangas \/ pulberkattega teras, v\u00e4rv: kreem<\/p>\n","protected":false},"excerpt":{"rendered":"<p>m\u00f5\u00f5tmed: 78\/82\/100\/44 cm, p\u00f6\u00f6rlev funktsioon, materjal: kangas \/ pulberkattega teras, v\u00e4rv: kreem<\/p>\n","protected":false},"featured_media":15889,"comment_status":"closed","ping_status":"closed","template":"","meta":{"_gspb_post_css":""},"product_brand":[],"product_cat":[215,188],"product_tag":[],"class_list":{"0":"post-32735","1":"product","2":"type-product","3":"status-publish","4":"has-post-thumbnail","6":"product_cat-pehme-moobel","7":"product_cat-tugitoolid","8":"pa_istmekorgus-456","9":"pa_jalgade-raami-materjal-metall","10":"pa_jalgade-raami-varv-must","11":"pa_kanga-tuup-kangas","12":"pa_kanga-varv-kreemjas","13":"pa_korgus-636","14":"pa_laius-1034","15":"pa_lisafunktsioonid-360-poorlev-iste","16":"pa_pakkide-arv-226","17":"pa_stiil-kaasaegne","18":"pa_sugavus-1234","19":"pa_vahelaos-ei","20":"pa_varv-kreemjas","22":"first","23":"instock","24":"sale","25":"purchasable","26":"product-type-simple"},"_links":{"self":[{"href":"https:\/\/www.nordi.ee\/en\/wp-json\/wp\/v2\/product\/32735","targetHints":{"allow":["GET"]}}],"collection":[{"href":"https:\/\/www.nordi.ee\/en\/wp-json\/wp\/v2\/product"}],"about":[{"href":"https:\/\/www.nordi.ee\/en\/wp-json\/wp\/v2\/types\/product"}],"replies":[{"embeddable":true,"href":"https:\/\/www.nordi.ee\/en\/wp-json\/wp\/v2\/comments?post=32735"}],"wp:featuredmedia":[{"embeddable":true,"href":"https:\/\/www.nordi.ee\/en\/wp-json\/wp\/v2\/media\/15889"}],"wp:attachment":[{"href":"https:\/\/www.nordi.ee\/en\/wp-json\/wp\/v2\/media?parent=32735"}],"wp:term":[{"taxonomy":"product_brand","embeddable":true,"href":"https:\/\/www.nordi.ee\/en\/wp-json\/wp\/v2\/product_brand?post=32735"},{"taxonomy":"product_cat","embeddable":true,"href":"https:\/\/www.nordi.ee\/en\/wp-json\/wp\/v2\/product_cat?post=32735"},{"taxonomy":"product_tag","embeddable":true,"href":"https:\/\/www.nordi.ee\/en\/wp-json\/wp\/v2\/product_tag?post=32735"}],"curies":[{"name":"wp","href":"https:\/\/api.w.org\/{rel}","templated":true}]}}