{"id":32724,"date":"2025-11-12T01:52:44","date_gmt":"2025-11-11T23:52:44","guid":{"rendered":"https:\/\/www.nordi.ee\/toode\/sahtlitega-voodi-mervia-varv-helehall\/"},"modified":"2026-04-12T05:15:04","modified_gmt":"2026-04-12T02:15:04","slug":"sahtlitega-voodi-mervia-varv-helehall","status":"publish","type":"product","link":"https:\/\/www.nordi.ee\/en\/toode\/sahtlitega-voodi-mervia-varv-helehall\/","title":{"rendered":"Sahtlitega voodi MERVIA, v\u00e4rv: helehall"},"content":{"rendered":"<p>m\u00f5\u00f5tmed: 170\/216\/95 cm, materjal: kangas \/ massiivne puit, v\u00e4rv: kangas &#8211; heledat hall, puit &#8211; looduslik. Voodi peale sobib madrats 160&#215;200.<\/p>\n","protected":false},"excerpt":{"rendered":"<p>m\u00f5\u00f5tmed: 170\/216\/95 cm, materjal: kangas \/ massiivne puit, v\u00e4rv: kangas &#8211; heledat hall, puit &#8211; looduslik. Voodi peale sobib madrats 160&#215;200.<\/p>\n","protected":false},"featured_media":15883,"comment_status":"closed","ping_status":"open","template":"","meta":{"_gspb_post_css":""},"product_brand":[],"product_cat":[166,215,179],"product_tag":[],"class_list":{"0":"post-32724","1":"product","2":"type-product","3":"status-publish","4":"has-post-thumbnail","6":"product_cat-magamistuba","7":"product_cat-pehme-moobel","8":"product_cat-voodid","9":"pa_kanga-tuup-kangas","10":"pa_korgus-411","11":"pa_laius-1710","12":"pa_pakkide-arv-295","13":"pa_pesukast-jah","14":"pa_sobiv-madratsi-suurus-160x200cm","15":"pa_stiil-kaasaegne","16":"pa_sugavus-4085","17":"pa_tuba-magamistuba","18":"pa_vahelaos-jah","19":"pa_varv-hall","20":"pa_voodituup-polsterdatud","22":"first","23":"instock","24":"sale","25":"purchasable","26":"product-type-simple"},"_links":{"self":[{"href":"https:\/\/www.nordi.ee\/en\/wp-json\/wp\/v2\/product\/32724","targetHints":{"allow":["GET"]}}],"collection":[{"href":"https:\/\/www.nordi.ee\/en\/wp-json\/wp\/v2\/product"}],"about":[{"href":"https:\/\/www.nordi.ee\/en\/wp-json\/wp\/v2\/types\/product"}],"replies":[{"embeddable":true,"href":"https:\/\/www.nordi.ee\/en\/wp-json\/wp\/v2\/comments?post=32724"}],"wp:featuredmedia":[{"embeddable":true,"href":"https:\/\/www.nordi.ee\/en\/wp-json\/wp\/v2\/media\/15883"}],"wp:attachment":[{"href":"https:\/\/www.nordi.ee\/en\/wp-json\/wp\/v2\/media?parent=32724"}],"wp:term":[{"taxonomy":"product_brand","embeddable":true,"href":"https:\/\/www.nordi.ee\/en\/wp-json\/wp\/v2\/product_brand?post=32724"},{"taxonomy":"product_cat","embeddable":true,"href":"https:\/\/www.nordi.ee\/en\/wp-json\/wp\/v2\/product_cat?post=32724"},{"taxonomy":"product_tag","embeddable":true,"href":"https:\/\/www.nordi.ee\/en\/wp-json\/wp\/v2\/product_tag?post=32724"}],"curies":[{"name":"wp","href":"https:\/\/api.w.org\/{rel}","templated":true}]}}