{"id":32714,"date":"2025-11-12T01:52:44","date_gmt":"2025-11-11T23:52:44","guid":{"rendered":"https:\/\/www.nordi.ee\/toode\/pikendatav-soogilaud-merdyn-varv-pind-kuldne-tamm-jalad-must\/"},"modified":"2026-04-13T05:15:55","modified_gmt":"2026-04-13T02:15:55","slug":"pikendatav-soogilaud-merdyn-kuldne-tamm","status":"publish","type":"product","link":"https:\/\/www.nordi.ee\/en\/toode\/pikendatav-soogilaud-merdyn-kuldne-tamm\/","title":{"rendered":"Pikendatav S\u00f6\u00f6gilaud MERDYN, kuldne tamm"},"content":{"rendered":"<p>laiendatav laud, m\u00f5\u00f5dud: 120-160\/120\/76 cm materjal: laminaat MDF \/ pulberkattega teras, v\u00e4rv: pind &#8211; kuldne tamm, jalad &#8211; must nnP\u00e4rast vedelike valamist lauapinnale puhastage see kohe kuivaks, et v\u00e4ltida lauapinna materjali veega imbumist.<\/p>\n","protected":false},"excerpt":{"rendered":"<p>laiendatav laud, m\u00f5\u00f5dud: 120-160\/120\/76 cm materjal: laminaat MDF \/ pulberkattega teras, v\u00e4rv: pind &#8211; kuldne tamm, jalad &#8211; must nnP\u00e4rast vedelike valamist lauapinnale puhastage see kohe kuivaks, et v\u00e4ltida lauapinna materjali veega imbumist.<\/p>\n","protected":false},"featured_media":15877,"comment_status":"closed","ping_status":"closed","template":"","meta":{"_gspb_post_css":""},"product_brand":[],"product_cat":[190,167],"product_tag":[],"class_list":{"0":"post-32714","1":"product","2":"type-product","3":"status-publish","4":"has-post-thumbnail","6":"product_cat-soogilauad","7":"product_cat-soogituba","8":"pa_jalgade-arv-1-4","9":"pa_korgus-406","10":"pa_laius-286","11":"pa_laua-suurus-6-person-8-person","12":"pa_laua-varvus-tamm","13":"pa_laua-viimistlus-matt","14":"pa_lauaplaadi-kuju-ummargune","15":"pa_lauaplaadi-materjal-lamiiniga-kaetud-mdf","16":"pa_maximum-pikkus-4208","17":"pa_pakkide-arv-295","18":"pa_pikendatav-jah","19":"pa_raami-materjal-metall","20":"pa_stiil-moodne","21":"pa_stiil-loft","22":"pa_sugavus-1832","23":"pa_vahelaos-jah","24":"pa_varv-tamm","25":"pa_varv-must","27":"first","28":"instock","29":"sale","30":"purchasable","31":"product-type-simple"},"_links":{"self":[{"href":"https:\/\/www.nordi.ee\/en\/wp-json\/wp\/v2\/product\/32714","targetHints":{"allow":["GET"]}}],"collection":[{"href":"https:\/\/www.nordi.ee\/en\/wp-json\/wp\/v2\/product"}],"about":[{"href":"https:\/\/www.nordi.ee\/en\/wp-json\/wp\/v2\/types\/product"}],"replies":[{"embeddable":true,"href":"https:\/\/www.nordi.ee\/en\/wp-json\/wp\/v2\/comments?post=32714"}],"wp:featuredmedia":[{"embeddable":true,"href":"https:\/\/www.nordi.ee\/en\/wp-json\/wp\/v2\/media\/15877"}],"wp:attachment":[{"href":"https:\/\/www.nordi.ee\/en\/wp-json\/wp\/v2\/media?parent=32714"}],"wp:term":[{"taxonomy":"product_brand","embeddable":true,"href":"https:\/\/www.nordi.ee\/en\/wp-json\/wp\/v2\/product_brand?post=32714"},{"taxonomy":"product_cat","embeddable":true,"href":"https:\/\/www.nordi.ee\/en\/wp-json\/wp\/v2\/product_cat?post=32714"},{"taxonomy":"product_tag","embeddable":true,"href":"https:\/\/www.nordi.ee\/en\/wp-json\/wp\/v2\/product_tag?post=32714"}],"curies":[{"name":"wp","href":"https:\/\/api.w.org\/{rel}","templated":true}]}}