{"id":32679,"date":"2025-11-12T01:51:46","date_gmt":"2025-11-11T23:51:46","guid":{"rendered":"https:\/\/www.nordi.ee\/toode\/melby-puhketool-valge-hall\/"},"modified":"2026-04-13T05:15:52","modified_gmt":"2026-04-13T02:15:52","slug":"tugitool-melbi-valge-hall","status":"publish","type":"product","link":"https:\/\/www.nordi.ee\/en\/toode\/tugitool-melbi-valge-hall\/","title":{"rendered":"Tugitool MELBI, valge \/ hall"},"content":{"rendered":"<p>m\u00f5\u00f5tmed: 71\/66\/75\/40 cm, materjal: riie \/ pulberkattega teras \/ pol\u00fcprop\u00fcleen, v\u00e4rvid: raami &#8211; valge, katte &#8211; hall<\/p>\n","protected":false},"excerpt":{"rendered":"<p>m\u00f5\u00f5tmed: 71\/66\/75\/40 cm, materjal: riie \/ pulberkattega teras \/ pol\u00fcprop\u00fcleen, v\u00e4rvid: raami &#8211; valge, katte &#8211; hall<\/p>\n","protected":false},"featured_media":15856,"comment_status":"closed","ping_status":"closed","template":"","meta":{"_gspb_post_css":""},"product_brand":[],"product_cat":[215,188],"product_tag":[],"class_list":{"0":"post-32679","1":"product","2":"type-product","3":"status-publish","4":"has-post-thumbnail","6":"product_cat-pehme-moobel","7":"product_cat-tugitoolid","8":"pa_istmekorgus-616","9":"pa_jalgade-raami-materjal-metall","10":"pa_jalgade-raami-varv-valge","11":"pa_kanga-tuup-kangas","12":"pa_kanga-varv-hall","13":"pa_korgus-287","14":"pa_laius-619","15":"pa_pakkide-arv-295","16":"pa_raami-varv-valge","17":"pa_stiil-moodne","18":"pa_stiil-skandinaavia","19":"pa_sugavus-999","20":"pa_tooli-materjal-kangas","21":"pa_vahelaos-jah","22":"pa_varv-hall","23":"pa_varv-valge","25":"first","26":"instock","27":"sale","28":"purchasable","29":"product-type-simple"},"_links":{"self":[{"href":"https:\/\/www.nordi.ee\/en\/wp-json\/wp\/v2\/product\/32679","targetHints":{"allow":["GET"]}}],"collection":[{"href":"https:\/\/www.nordi.ee\/en\/wp-json\/wp\/v2\/product"}],"about":[{"href":"https:\/\/www.nordi.ee\/en\/wp-json\/wp\/v2\/types\/product"}],"replies":[{"embeddable":true,"href":"https:\/\/www.nordi.ee\/en\/wp-json\/wp\/v2\/comments?post=32679"}],"wp:featuredmedia":[{"embeddable":true,"href":"https:\/\/www.nordi.ee\/en\/wp-json\/wp\/v2\/media\/15856"}],"wp:attachment":[{"href":"https:\/\/www.nordi.ee\/en\/wp-json\/wp\/v2\/media?parent=32679"}],"wp:term":[{"taxonomy":"product_brand","embeddable":true,"href":"https:\/\/www.nordi.ee\/en\/wp-json\/wp\/v2\/product_brand?post=32679"},{"taxonomy":"product_cat","embeddable":true,"href":"https:\/\/www.nordi.ee\/en\/wp-json\/wp\/v2\/product_cat?post=32679"},{"taxonomy":"product_tag","embeddable":true,"href":"https:\/\/www.nordi.ee\/en\/wp-json\/wp\/v2\/product_tag?post=32679"}],"curies":[{"name":"wp","href":"https:\/\/api.w.org\/{rel}","templated":true}]}}