{"id":32658,"date":"2025-11-12T01:50:09","date_gmt":"2025-11-11T23:50:09","guid":{"rendered":"https:\/\/www.nordi.ee\/toode\/laste-tool-matrixa-varv-valge-hall\/"},"modified":"2026-04-13T05:15:46","modified_gmt":"2026-04-13T02:15:46","slug":"laste-tool-matrixa-varv-valge-hall","status":"publish","type":"product","link":"https:\/\/www.nordi.ee\/en\/toode\/laste-tool-matrixa-varv-valge-hall\/","title":{"rendered":"Kontoritool lastele MATRIXA, valge \/ hall"},"content":{"rendered":"<p>p\u00f5himehhanism, m\u00f5\u00f5tmed: 48\/53\/78-88\/41-51, materjal: eco nahk \/ riie, v\u00e4rv: valge \/ hall<\/p>\n","protected":false},"excerpt":{"rendered":"<p>p\u00f5himehhanism, m\u00f5\u00f5tmed: 48\/53\/78-88\/41-51, materjal: eco nahk \/ riie, v\u00e4rv: valge \/ hall<\/p>\n","protected":false},"featured_media":15829,"comment_status":"closed","ping_status":"closed","template":"","meta":{"_gspb_post_css":""},"product_brand":[],"product_cat":[216,4063],"product_tag":[],"class_list":{"0":"post-32658","1":"product","2":"type-product","3":"status-publish","4":"has-post-thumbnail","6":"product_cat-kontor","7":"product_cat-kontoritoolid","8":"pa_istmekorgus-46-55","9":"pa_kaetugi-ilma-kaetugedeta","10":"pa_kandevoime-100-kg","11":"pa_kanga-varv-must","12":"pa_kanga-varv-valge","13":"pa_korgus-1595","14":"pa_laius-967","15":"pa_mehhanism-tavaline","16":"pa_pakkide-arv-226","17":"pa_peatugi-ilma-peatugedeta","18":"pa_ratta-tuup-normaalne","19":"pa_stiil-kaasaegne","20":"pa_sugavus-604","21":"pa_tooli-materjal-kangas","22":"pa_tooli-materjal-kunstnahk","23":"pa_tuba-lastetuba","24":"pa_vahelaos-jah","26":"first","27":"instock","28":"sale","29":"purchasable","30":"product-type-simple"},"_links":{"self":[{"href":"https:\/\/www.nordi.ee\/en\/wp-json\/wp\/v2\/product\/32658","targetHints":{"allow":["GET"]}}],"collection":[{"href":"https:\/\/www.nordi.ee\/en\/wp-json\/wp\/v2\/product"}],"about":[{"href":"https:\/\/www.nordi.ee\/en\/wp-json\/wp\/v2\/types\/product"}],"replies":[{"embeddable":true,"href":"https:\/\/www.nordi.ee\/en\/wp-json\/wp\/v2\/comments?post=32658"}],"wp:featuredmedia":[{"embeddable":true,"href":"https:\/\/www.nordi.ee\/en\/wp-json\/wp\/v2\/media\/15829"}],"wp:attachment":[{"href":"https:\/\/www.nordi.ee\/en\/wp-json\/wp\/v2\/media?parent=32658"}],"wp:term":[{"taxonomy":"product_brand","embeddable":true,"href":"https:\/\/www.nordi.ee\/en\/wp-json\/wp\/v2\/product_brand?post=32658"},{"taxonomy":"product_cat","embeddable":true,"href":"https:\/\/www.nordi.ee\/en\/wp-json\/wp\/v2\/product_cat?post=32658"},{"taxonomy":"product_tag","embeddable":true,"href":"https:\/\/www.nordi.ee\/en\/wp-json\/wp\/v2\/product_tag?post=32658"}],"curies":[{"name":"wp","href":"https:\/\/api.w.org\/{rel}","templated":true}]}}