{"id":32639,"date":"2025-11-12T01:49:30","date_gmt":"2025-11-11T23:49:30","guid":{"rendered":"https:\/\/www.nordi.ee\/toode\/matador-tooli-varv-beez-2\/"},"modified":"2026-04-13T05:15:43","modified_gmt":"2026-04-13T02:15:43","slug":"tugitooli-marten-tumbaga-beez","status":"publish","type":"product","link":"https:\/\/www.nordi.ee\/en\/toode\/tugitooli-marten-tumbaga-beez\/","title":{"rendered":"Tugitooli MARTEN tumbaga, bee\u017e"},"content":{"rendered":"<p>relakas massaa\u017ei ja soojustamise funktsiooniga, m\u00f5\u00f5tmed: tool &#8211; 71\/76\/103 cm, jala toetaja &#8211; 49\/38\/37 cm, materjal: painutatud puit \/ \u00f6kokoore nahk, v\u00e4rv: bee\u017e<\/p>\n","protected":false},"excerpt":{"rendered":"<p>relakas massaa\u017ei ja soojustamise funktsiooniga, m\u00f5\u00f5tmed: tool &#8211; 71\/76\/103 cm, jala toetaja &#8211; 49\/38\/37 cm, materjal: painutatud puit \/ \u00f6kokoore nahk, v\u00e4rv: bee\u017e<\/p>\n","protected":false},"featured_media":15812,"comment_status":"closed","ping_status":"closed","template":"","meta":{"_gspb_post_css":""},"product_brand":[],"product_cat":[215,188],"product_tag":[],"class_list":{"0":"post-32639","1":"product","2":"type-product","3":"status-publish","4":"has-post-thumbnail","6":"product_cat-pehme-moobel","7":"product_cat-tugitoolid","8":"pa_istmekorgus-731","9":"pa_jalgade-raami-materjal-puit","10":"pa_jalgade-raami-varv-puiduimmitatsioon","11":"pa_kanga-tuup-kunstnahk","12":"pa_kanga-varv-beez","13":"pa_korgus-910","14":"pa_laius-954","15":"pa_lisafunktsioonid-massaazifunktsioon","16":"pa_pakkide-arv-226","17":"pa_stiil-klassikaline","18":"pa_stiil-traditsiooniline","19":"pa_sugavus-1027","20":"pa_vahelaos-jah","21":"pa_varv-beez","23":"first","24":"instock","25":"sale","26":"purchasable","27":"product-type-simple"},"_links":{"self":[{"href":"https:\/\/www.nordi.ee\/en\/wp-json\/wp\/v2\/product\/32639","targetHints":{"allow":["GET"]}}],"collection":[{"href":"https:\/\/www.nordi.ee\/en\/wp-json\/wp\/v2\/product"}],"about":[{"href":"https:\/\/www.nordi.ee\/en\/wp-json\/wp\/v2\/types\/product"}],"replies":[{"embeddable":true,"href":"https:\/\/www.nordi.ee\/en\/wp-json\/wp\/v2\/comments?post=32639"}],"wp:featuredmedia":[{"embeddable":true,"href":"https:\/\/www.nordi.ee\/en\/wp-json\/wp\/v2\/media\/15812"}],"wp:attachment":[{"href":"https:\/\/www.nordi.ee\/en\/wp-json\/wp\/v2\/media?parent=32639"}],"wp:term":[{"taxonomy":"product_brand","embeddable":true,"href":"https:\/\/www.nordi.ee\/en\/wp-json\/wp\/v2\/product_brand?post=32639"},{"taxonomy":"product_cat","embeddable":true,"href":"https:\/\/www.nordi.ee\/en\/wp-json\/wp\/v2\/product_cat?post=32639"},{"taxonomy":"product_tag","embeddable":true,"href":"https:\/\/www.nordi.ee\/en\/wp-json\/wp\/v2\/product_tag?post=32639"}],"curies":[{"name":"wp","href":"https:\/\/api.w.org\/{rel}","templated":true}]}}