{"id":32554,"date":"2025-11-12T01:46:06","date_gmt":"2025-11-11T23:46:06","guid":{"rendered":"https:\/\/www.nordi.ee\/toode\/pikendatav-soogilaud-marlon-varv-ulemine-osa-valge-marmor-hall-jalad-must\/"},"modified":"2026-04-13T05:15:35","modified_gmt":"2026-04-13T02:15:35","slug":"pikendatav-soogilaud-marlon-valge-marmor","status":"publish","type":"product","link":"https:\/\/www.nordi.ee\/en\/toode\/pikendatav-soogilaud-marlon-valge-marmor\/","title":{"rendered":"Pikendatav S\u00f6\u00f6gilaud MARLON,  valge marmor"},"content":{"rendered":"<p>laiendatav laud, m\u00f5\u00f5tmed: 160-200\/90\/76 cm, materjal: klaas \/ lakitud MDF \/ pulberkattega teras, v\u00e4rv: pind &#8211; valge marmor \/ hall, jalad &#8211; mustad<\/p>\n","protected":false},"excerpt":{"rendered":"<p>laiendatav laud, m\u00f5\u00f5tmed: 160-200\/90\/76 cm, materjal: klaas \/ lakitud MDF \/ pulberkattega teras, v\u00e4rv: pind &#8211; valge marmor \/ hall, jalad &#8211; mustad<\/p>\n","protected":false},"featured_media":15772,"comment_status":"closed","ping_status":"closed","template":"","meta":{"_gspb_post_css":""},"product_brand":[],"product_cat":[190,167],"product_tag":[],"class_list":{"0":"post-32554","1":"product","2":"type-product","3":"status-publish","4":"has-post-thumbnail","6":"product_cat-soogilauad","7":"product_cat-soogituba","8":"pa_jalgade-arv-2-4","9":"pa_korgus-406","10":"pa_laius-349","11":"pa_laua-suurus-6-person-8-person","12":"pa_laua-varvus-valge","13":"pa_laua-viimistlus-laikiv","14":"pa_lauaplaadi-kuju-ristkulikukujuline","15":"pa_lauaplaadi-materjal-klaas","16":"pa_lauaplaadi-materjal-lakitud-mdf","17":"pa_maximum-pikkus-4207","18":"pa_pakkide-arv-295","19":"pa_pikendatav-jah","20":"pa_raami-materjal-metall","21":"pa_stiil-modernne","22":"pa_stiil-loft","23":"pa_sugavus-4084","24":"pa_vahelaos-jah","25":"pa_varv-hall","26":"pa_varv-valge","28":"first","29":"instock","30":"sale","31":"purchasable","32":"product-type-simple"},"_links":{"self":[{"href":"https:\/\/www.nordi.ee\/en\/wp-json\/wp\/v2\/product\/32554","targetHints":{"allow":["GET"]}}],"collection":[{"href":"https:\/\/www.nordi.ee\/en\/wp-json\/wp\/v2\/product"}],"about":[{"href":"https:\/\/www.nordi.ee\/en\/wp-json\/wp\/v2\/types\/product"}],"replies":[{"embeddable":true,"href":"https:\/\/www.nordi.ee\/en\/wp-json\/wp\/v2\/comments?post=32554"}],"wp:featuredmedia":[{"embeddable":true,"href":"https:\/\/www.nordi.ee\/en\/wp-json\/wp\/v2\/media\/15772"}],"wp:attachment":[{"href":"https:\/\/www.nordi.ee\/en\/wp-json\/wp\/v2\/media?parent=32554"}],"wp:term":[{"taxonomy":"product_brand","embeddable":true,"href":"https:\/\/www.nordi.ee\/en\/wp-json\/wp\/v2\/product_brand?post=32554"},{"taxonomy":"product_cat","embeddable":true,"href":"https:\/\/www.nordi.ee\/en\/wp-json\/wp\/v2\/product_cat?post=32554"},{"taxonomy":"product_tag","embeddable":true,"href":"https:\/\/www.nordi.ee\/en\/wp-json\/wp\/v2\/product_tag?post=32554"}],"curies":[{"name":"wp","href":"https:\/\/api.w.org\/{rel}","templated":true}]}}