{"id":32552,"date":"2025-11-12T01:45:35","date_gmt":"2025-11-11T23:45:35","guid":{"rendered":"https:\/\/www.nordi.ee\/toode\/marisol-160-cm-voodi-beez-2\/"},"modified":"2026-04-13T05:15:34","modified_gmt":"2026-04-13T02:15:34","slug":"voodi-mari-160-beez-2","status":"publish","type":"product","link":"https:\/\/www.nordi.ee\/en\/toode\/voodi-mari-160-beez-2\/","title":{"rendered":"Voodi MARI 160, bee\u017e"},"content":{"rendered":"<p>m\u00f5\u00f5tmed: 167\/216\/118 cm; voodi koos sahtlitega, materjal: kangas &#8211; samet, v\u00e4rv: bee\u017e, * voodi ilma madratsita, valikuline madrats POLARIS 160 v\u00f5i SYRIUSZ 160<\/p>\n","protected":false},"excerpt":{"rendered":"<p>m\u00f5\u00f5tmed: 167\/216\/118 cm; voodi koos sahtlitega, materjal: kangas &#8211; samet, v\u00e4rv: bee\u017e, * voodi ilma madratsita, valikuline madrats POLARIS 160 v\u00f5i SYRIUSZ 160<\/p>\n","protected":false},"featured_media":15764,"comment_status":"closed","ping_status":"closed","template":"","meta":{"_gspb_post_css":""},"product_brand":[],"product_cat":[166,215,179],"product_tag":[],"class_list":{"0":"post-32552","1":"product","2":"type-product","3":"status-publish","4":"has-post-thumbnail","6":"product_cat-magamistuba","7":"product_cat-pehme-moobel","8":"product_cat-voodid","9":"pa_kanga-tuup-sametkangas","10":"pa_korgus-841","11":"pa_laius-1783","12":"pa_pakkide-arv-258","13":"pa_pesukast-jah","14":"pa_sobiv-madratsi-suurus-160x200cm","15":"pa_stiil-glamuurne","16":"pa_stiil-kaasaegne","17":"pa_sugavus-4085","18":"pa_vahelaos-ei","19":"pa_varv-beez","20":"pa_voodituup-polsterdatud","22":"first","23":"instock","24":"sale","25":"purchasable","26":"product-type-simple"},"_links":{"self":[{"href":"https:\/\/www.nordi.ee\/en\/wp-json\/wp\/v2\/product\/32552","targetHints":{"allow":["GET"]}}],"collection":[{"href":"https:\/\/www.nordi.ee\/en\/wp-json\/wp\/v2\/product"}],"about":[{"href":"https:\/\/www.nordi.ee\/en\/wp-json\/wp\/v2\/types\/product"}],"replies":[{"embeddable":true,"href":"https:\/\/www.nordi.ee\/en\/wp-json\/wp\/v2\/comments?post=32552"}],"wp:featuredmedia":[{"embeddable":true,"href":"https:\/\/www.nordi.ee\/en\/wp-json\/wp\/v2\/media\/15764"}],"wp:attachment":[{"href":"https:\/\/www.nordi.ee\/en\/wp-json\/wp\/v2\/media?parent=32552"}],"wp:term":[{"taxonomy":"product_brand","embeddable":true,"href":"https:\/\/www.nordi.ee\/en\/wp-json\/wp\/v2\/product_brand?post=32552"},{"taxonomy":"product_cat","embeddable":true,"href":"https:\/\/www.nordi.ee\/en\/wp-json\/wp\/v2\/product_cat?post=32552"},{"taxonomy":"product_tag","embeddable":true,"href":"https:\/\/www.nordi.ee\/en\/wp-json\/wp\/v2\/product_tag?post=32552"}],"curies":[{"name":"wp","href":"https:\/\/api.w.org\/{rel}","templated":true}]}}